{"id":250,"date":"2024-08-16T11:47:58","date_gmt":"2024-08-16T11:47:58","guid":{"rendered":"https:\/\/nem-mc.bettest.site\/hakkimizda\/"},"modified":"2024-09-06T09:06:57","modified_gmt":"2024-09-06T09:06:57","slug":"hakkimizda","status":"publish","type":"page","link":"https:\/\/nem-mc.bettest.site\/tr\/hakkimizda\/","title":{"rendered":"HAKKIMIZDA"},"content":{"rendered":"<h1>hakkimizda<\/h1>\n<p class=\"font\">Bahis D\u00c3\u00bcnyas\u00c4\u00b1ndaki G\u00c3\u00bcvenilir Orta\u00c4\u0178\u00c4\u00b1n\u00c4\u00b1z<\/p>\n<p class=\"font\">Bir Mobcash temsilcisi olarak kendi kazanc\u00c4\u00b1n\u00c4\u00b1z\u00c4\u00b1 elde edebilmenize olanak sa\u00c4\u0178layan BetAndYou&#8217;ya ho\u00c5\u0178 geldiniz. 2010&#8217;daki kurulu\u00c5\u0178umuzdan bu yana k\u00c3\u00bcresel olarak geli\u00c5\u0178mekte ve say\u00c4\u00b1s\u00c4\u00b1z ki\u00c5\u0178inin spor bahis end\u00c3\u00bcstrisinde finansal destekleyici olabilmesine olanak sa\u00c4\u0178lamaktay\u00c4\u00b1z. Platformumuz siz ve m\u00c3\u00bc\u00c5\u0178terileriniz i\u00c3\u00a7in kusursuz bir i\u00c5\u0178lem deneyimi sunarak dengeli ve g\u00c3\u00bcvenilir bir gelir kayna\u00c4\u0178\u00c4\u00b1 sa\u00c4\u0178lar.<\/p>\n<p><a class=\"button button-yellow custom-btn btn-7\" href=\"https:\/\/nem-mc.bettest.site\/tr\/become-an-agent\/\">Learn more<\/a><\/p>\n","protected":false},"excerpt":{"rendered":"<p>hakkimizda Bahis D\u00c3\u00bcnyas\u00c4\u00b1ndaki G\u00c3\u00bcvenilir Orta\u00c4\u0178\u00c4\u00b1n\u00c4\u00b1z Bir Mobcash temsilcisi olarak kendi kazanc\u00c4\u00b1n\u00c4\u00b1z\u00c4\u00b1 elde edebilmenize olanak sa\u00c4\u0178layan BetAndYou&#8217;ya ho\u00c5\u0178 geldiniz. 2010&#8217;daki kurulu\u00c5\u0178umuzdan bu yana k\u00c3\u00bcresel olarak geli\u00c5\u0178mekte ve say\u00c4\u00b1s\u00c4\u00b1z ki\u00c5\u0178inin spor bahis end\u00c3\u00bcstrisinde finansal destekleyici olabilmesine olanak sa\u00c4\u0178lamaktay\u00c4\u00b1z. Platformumuz siz ve m\u00c3\u00bc\u00c5\u0178terileriniz i\u00c3\u00a7in kusursuz bir i\u00c5\u0178lem deneyimi sunarak dengeli ve g\u00c3\u00bcvenilir bir gelir kayna\u00c4\u0178\u00c4\u00b1 sa\u00c4\u0178lar. Learn more<\/p>\n","protected":false},"author":1,"featured_media":0,"parent":0,"menu_order":0,"comment_status":"closed","ping_status":"closed","template":"page-about-us.php","meta":{"footnotes":""},"class_list":["post-250","page","type-page","status-publish","hentry"],"yoast_head":"<!-- This site is optimized with the Yoast SEO plugin v23.6 - https:\/\/yoast.com\/wordpress\/plugins\/seo\/ -->\n<title>HAKKIMIZDA - mobcash<\/title>\n<meta name=\"robots\" content=\"index, follow, max-snippet:-1, max-image-preview:large, max-video-preview:-1\" \/>\n<link rel=\"canonical\" href=\"https:\/\/nem-mc.bettest.site\/tr\/hakkimizda\/\" \/>\n<meta property=\"og:locale\" content=\"tr_TR\" \/>\n<meta property=\"og:type\" content=\"article\" \/>\n<meta property=\"og:title\" content=\"HAKKIMIZDA - mobcash\" \/>\n<meta property=\"og:description\" content=\"hakkimizda Bahis D\u00c3\u00bcnyas\u00c4\u00b1ndaki G\u00c3\u00bcvenilir Orta\u00c4\u0178\u00c4\u00b1n\u00c4\u00b1z Bir Mobcash temsilcisi olarak kendi kazanc\u00c4\u00b1n\u00c4\u00b1z\u00c4\u00b1 elde edebilmenize olanak sa\u00c4\u0178layan BetAndYou&#8217;ya ho\u00c5\u0178 geldiniz. 2010&#8217;daki kurulu\u00c5\u0178umuzdan bu yana k\u00c3\u00bcresel olarak geli\u00c5\u0178mekte ve say\u00c4\u00b1s\u00c4\u00b1z ki\u00c5\u0178inin spor bahis end\u00c3\u00bcstrisinde finansal destekleyici olabilmesine olanak sa\u00c4\u0178lamaktay\u00c4\u00b1z. Platformumuz siz ve m\u00c3\u00bc\u00c5\u0178terileriniz i\u00c3\u00a7in kusursuz bir i\u00c5\u0178lem deneyimi sunarak dengeli ve g\u00c3\u00bcvenilir bir gelir kayna\u00c4\u0178\u00c4\u00b1 sa\u00c4\u0178lar. Learn more\" \/>\n<meta property=\"og:url\" content=\"https:\/\/nem-mc.bettest.site\/tr\/hakkimizda\/\" \/>\n<meta property=\"og:site_name\" content=\"mobcash\" \/>\n<meta property=\"article:modified_time\" content=\"2024-09-06T09:06:57+00:00\" \/>\n<meta name=\"twitter:card\" content=\"summary_large_image\" \/>\n<script type=\"application\/ld+json\" class=\"yoast-schema-graph\">{\"@context\":\"https:\/\/schema.org\",\"@graph\":[{\"@type\":\"WebPage\",\"@id\":\"https:\/\/nem-mc.bettest.site\/tr\/hakkimizda\/\",\"url\":\"https:\/\/nem-mc.bettest.site\/tr\/hakkimizda\/\",\"name\":\"HAKKIMIZDA - mobcash\",\"isPartOf\":{\"@id\":\"https:\/\/nem-mc.bettest.site\/tr\/#website\"},\"datePublished\":\"2024-08-16T11:47:58+00:00\",\"dateModified\":\"2024-09-06T09:06:57+00:00\",\"breadcrumb\":{\"@id\":\"https:\/\/nem-mc.bettest.site\/tr\/hakkimizda\/#breadcrumb\"},\"inLanguage\":\"tr\",\"potentialAction\":[{\"@type\":\"ReadAction\",\"target\":[\"https:\/\/nem-mc.bettest.site\/tr\/hakkimizda\/\"]}]},{\"@type\":\"BreadcrumbList\",\"@id\":\"https:\/\/nem-mc.bettest.site\/tr\/hakkimizda\/#breadcrumb\",\"itemListElement\":[{\"@type\":\"ListItem\",\"position\":1,\"name\":\"Home\",\"item\":\"https:\/\/nem-mc.bettest.site\/tr\/\"},{\"@type\":\"ListItem\",\"position\":2,\"name\":\"HAKKIMIZDA\"}]},{\"@type\":\"WebSite\",\"@id\":\"https:\/\/nem-mc.bettest.site\/tr\/#website\",\"url\":\"https:\/\/nem-mc.bettest.site\/tr\/\",\"name\":\"mobcash\",\"description\":\"\",\"publisher\":{\"@id\":\"https:\/\/nem-mc.bettest.site\/tr\/#organization\"},\"potentialAction\":[{\"@type\":\"SearchAction\",\"target\":{\"@type\":\"EntryPoint\",\"urlTemplate\":\"https:\/\/nem-mc.bettest.site\/tr\/?s={search_term_string}\"},\"query-input\":{\"@type\":\"PropertyValueSpecification\",\"valueRequired\":true,\"valueName\":\"search_term_string\"}}],\"inLanguage\":\"tr\"},{\"@type\":\"Organization\",\"@id\":\"https:\/\/nem-mc.bettest.site\/tr\/#organization\",\"name\":\"mobcash\",\"url\":\"https:\/\/nem-mc.bettest.site\/tr\/\",\"logo\":{\"@type\":\"ImageObject\",\"inLanguage\":\"tr\",\"@id\":\"https:\/\/nem-mc.bettest.site\/tr\/#\/schema\/logo\/image\/\",\"url\":\"https:\/\/nem-mc.bettest.site\/wp-content\/uploads\/2024\/09\/logo-best.png\",\"contentUrl\":\"https:\/\/nem-mc.bettest.site\/wp-content\/uploads\/2024\/09\/logo-best.png\",\"width\":195,\"height\":37,\"caption\":\"mobcash\"},\"image\":{\"@id\":\"https:\/\/nem-mc.bettest.site\/tr\/#\/schema\/logo\/image\/\"}}]}<\/script>\n<!-- \/ Yoast SEO plugin. -->","yoast_head_json":{"title":"HAKKIMIZDA - mobcash","robots":{"index":"index","follow":"follow","max-snippet":"max-snippet:-1","max-image-preview":"max-image-preview:large","max-video-preview":"max-video-preview:-1"},"canonical":"https:\/\/nem-mc.bettest.site\/tr\/hakkimizda\/","og_locale":"tr_TR","og_type":"article","og_title":"HAKKIMIZDA - mobcash","og_description":"hakkimizda Bahis D\u00c3\u00bcnyas\u00c4\u00b1ndaki G\u00c3\u00bcvenilir Orta\u00c4\u0178\u00c4\u00b1n\u00c4\u00b1z Bir Mobcash temsilcisi olarak kendi kazanc\u00c4\u00b1n\u00c4\u00b1z\u00c4\u00b1 elde edebilmenize olanak sa\u00c4\u0178layan BetAndYou&#8217;ya ho\u00c5\u0178 geldiniz. 2010&#8217;daki kurulu\u00c5\u0178umuzdan bu yana k\u00c3\u00bcresel olarak geli\u00c5\u0178mekte ve say\u00c4\u00b1s\u00c4\u00b1z ki\u00c5\u0178inin spor bahis end\u00c3\u00bcstrisinde finansal destekleyici olabilmesine olanak sa\u00c4\u0178lamaktay\u00c4\u00b1z. Platformumuz siz ve m\u00c3\u00bc\u00c5\u0178terileriniz i\u00c3\u00a7in kusursuz bir i\u00c5\u0178lem deneyimi sunarak dengeli ve g\u00c3\u00bcvenilir bir gelir kayna\u00c4\u0178\u00c4\u00b1 sa\u00c4\u0178lar. Learn more","og_url":"https:\/\/nem-mc.bettest.site\/tr\/hakkimizda\/","og_site_name":"mobcash","article_modified_time":"2024-09-06T09:06:57+00:00","twitter_card":"summary_large_image","schema":{"@context":"https:\/\/schema.org","@graph":[{"@type":"WebPage","@id":"https:\/\/nem-mc.bettest.site\/tr\/hakkimizda\/","url":"https:\/\/nem-mc.bettest.site\/tr\/hakkimizda\/","name":"HAKKIMIZDA - mobcash","isPartOf":{"@id":"https:\/\/nem-mc.bettest.site\/tr\/#website"},"datePublished":"2024-08-16T11:47:58+00:00","dateModified":"2024-09-06T09:06:57+00:00","breadcrumb":{"@id":"https:\/\/nem-mc.bettest.site\/tr\/hakkimizda\/#breadcrumb"},"inLanguage":"tr","potentialAction":[{"@type":"ReadAction","target":["https:\/\/nem-mc.bettest.site\/tr\/hakkimizda\/"]}]},{"@type":"BreadcrumbList","@id":"https:\/\/nem-mc.bettest.site\/tr\/hakkimizda\/#breadcrumb","itemListElement":[{"@type":"ListItem","position":1,"name":"Home","item":"https:\/\/nem-mc.bettest.site\/tr\/"},{"@type":"ListItem","position":2,"name":"HAKKIMIZDA"}]},{"@type":"WebSite","@id":"https:\/\/nem-mc.bettest.site\/tr\/#website","url":"https:\/\/nem-mc.bettest.site\/tr\/","name":"mobcash","description":"","publisher":{"@id":"https:\/\/nem-mc.bettest.site\/tr\/#organization"},"potentialAction":[{"@type":"SearchAction","target":{"@type":"EntryPoint","urlTemplate":"https:\/\/nem-mc.bettest.site\/tr\/?s={search_term_string}"},"query-input":{"@type":"PropertyValueSpecification","valueRequired":true,"valueName":"search_term_string"}}],"inLanguage":"tr"},{"@type":"Organization","@id":"https:\/\/nem-mc.bettest.site\/tr\/#organization","name":"mobcash","url":"https:\/\/nem-mc.bettest.site\/tr\/","logo":{"@type":"ImageObject","inLanguage":"tr","@id":"https:\/\/nem-mc.bettest.site\/tr\/#\/schema\/logo\/image\/","url":"https:\/\/nem-mc.bettest.site\/wp-content\/uploads\/2024\/09\/logo-best.png","contentUrl":"https:\/\/nem-mc.bettest.site\/wp-content\/uploads\/2024\/09\/logo-best.png","width":195,"height":37,"caption":"mobcash"},"image":{"@id":"https:\/\/nem-mc.bettest.site\/tr\/#\/schema\/logo\/image\/"}}]}},"_links":{"self":[{"href":"https:\/\/nem-mc.bettest.site\/tr\/wp-json\/wp\/v2\/pages\/250"}],"collection":[{"href":"https:\/\/nem-mc.bettest.site\/tr\/wp-json\/wp\/v2\/pages"}],"about":[{"href":"https:\/\/nem-mc.bettest.site\/tr\/wp-json\/wp\/v2\/types\/page"}],"author":[{"embeddable":true,"href":"https:\/\/nem-mc.bettest.site\/tr\/wp-json\/wp\/v2\/users\/1"}],"replies":[{"embeddable":true,"href":"https:\/\/nem-mc.bettest.site\/tr\/wp-json\/wp\/v2\/comments?post=250"}],"version-history":[{"count":8,"href":"https:\/\/nem-mc.bettest.site\/tr\/wp-json\/wp\/v2\/pages\/250\/revisions"}],"predecessor-version":[{"id":556,"href":"https:\/\/nem-mc.bettest.site\/tr\/wp-json\/wp\/v2\/pages\/250\/revisions\/556"}],"wp:attachment":[{"href":"https:\/\/nem-mc.bettest.site\/tr\/wp-json\/wp\/v2\/media?parent=250"}],"curies":[{"name":"wp","href":"https:\/\/api.w.org\/{rel}","templated":true}]}}