{"id":237,"date":"2024-08-15T15:45:41","date_gmt":"2024-08-15T15:45:41","guid":{"rendered":"https:\/\/nem-mc.bettest.site\/ana-sayfa\/"},"modified":"2024-09-06T10:20:29","modified_gmt":"2024-09-06T10:20:29","slug":"ana-sayfa","status":"publish","type":"page","link":"https:\/\/nem-mc.bettest.site\/tr\/","title":{"rendered":"Ana Sayfa"},"content":{"rendered":"<h1>\u00c3\u2021EVR\u00c4\u00b0M \u00c4\u00b0\u00c3\u2021\u00c4\u00b0 KAZAN\u00c3\u2021 \u00c4\u00b0\u00c3\u2021\u00c4\u00b0N <span style=\"color: #ffbc00;\">BETANDYOU TEMS\u00c4\u00b0LC\u00c4\u00b0S\u00c4\u00b0 OLUN<\/span><\/h1>\n<p>Yolculu\u00c4\u0178unuza Bug\u00c3\u00bcn Ba\u00c5\u0178lay\u00c4\u00b1n!<\/p>\n<p><a class=\"button button--yellow custom-btn btn-7\" href=\"#become\">Temsilci olun<\/a><\/p>\n<p class=\"font\">Betandyou ile \u00c3\u00a7evrim i\u00c3\u00a7i kazan\u00c3\u00a7 sa\u00c4\u0178lamak i\u00c3\u00a7in f\u00c4\u00b1rsatlar d\u00c3\u00bcnyas\u00c4\u00b1n\u00c4\u00b1 ke\u00c5\u0178fedin. Temsilci olarak kazan\u00c4\u00b1n, b\u00c3\u00bcy\u00c3\u00bcy\u00c3\u00bcn ve ba\u00c5\u0178ar\u00c4\u00b1l\u00c4\u00b1 olun. \u00c4\u00b0ster oyuncu i\u00c5\u0178lemleriyle ilgilenin, ister kendi a\u00c4\u0178\u00c4\u00b1n\u00c4\u00b1z\u00c4\u00b1 kurun; platformumuz finansal ba\u00c4\u0178\u00c4\u00b1ms\u00c4\u00b1zl\u00c4\u00b1\u00c4\u0178\u00c4\u00b1n\u00c4\u00b1za giden yolda ihtiyac\u00c4\u00b1n\u00c4\u00b1z olan ara\u00c3\u00a7lar\u00c4\u00b1 ve deste\u00c4\u0178i sa\u00c4\u0178lar.<\/p>\n","protected":false},"excerpt":{"rendered":"<p>\u00c3\u2021EVR\u00c4\u00b0M \u00c4\u00b0\u00c3\u2021\u00c4\u00b0 KAZAN\u00c3\u2021 \u00c4\u00b0\u00c3\u2021\u00c4\u00b0N BETANDYOU TEMS\u00c4\u00b0LC\u00c4\u00b0S\u00c4\u00b0 OLUN Yolculu\u00c4\u0178unuza Bug\u00c3\u00bcn Ba\u00c5\u0178lay\u00c4\u00b1n! Temsilci olun Betandyou ile \u00c3\u00a7evrim i\u00c3\u00a7i kazan\u00c3\u00a7 sa\u00c4\u0178lamak i\u00c3\u00a7in f\u00c4\u00b1rsatlar d\u00c3\u00bcnyas\u00c4\u00b1n\u00c4\u00b1 ke\u00c5\u0178fedin. Temsilci olarak kazan\u00c4\u00b1n, b\u00c3\u00bcy\u00c3\u00bcy\u00c3\u00bcn ve ba\u00c5\u0178ar\u00c4\u00b1l\u00c4\u00b1 olun. \u00c4\u00b0ster oyuncu i\u00c5\u0178lemleriyle ilgilenin, ister kendi a\u00c4\u0178\u00c4\u00b1n\u00c4\u00b1z\u00c4\u00b1 kurun; platformumuz finansal ba\u00c4\u0178\u00c4\u00b1ms\u00c4\u00b1zl\u00c4\u00b1\u00c4\u0178\u00c4\u00b1n\u00c4\u00b1za giden yolda ihtiyac\u00c4\u00b1n\u00c4\u00b1z olan ara\u00c3\u00a7lar\u00c4\u00b1 ve deste\u00c4\u0178i sa\u00c4\u0178lar.<\/p>\n","protected":false},"author":1,"featured_media":0,"parent":0,"menu_order":0,"comment_status":"closed","ping_status":"closed","template":"","meta":{"footnotes":""},"class_list":["post-237","page","type-page","status-publish","hentry"],"yoast_head":"<!-- This site is optimized with the Yoast SEO plugin v23.6 - https:\/\/yoast.com\/wordpress\/plugins\/seo\/ -->\n<title>Ana Sayfa - mobcash<\/title>\n<meta name=\"robots\" content=\"index, follow, max-snippet:-1, max-image-preview:large, max-video-preview:-1\" \/>\n<link rel=\"canonical\" href=\"https:\/\/nem-mc.bettest.site\/tr\/\" \/>\n<meta property=\"og:locale\" content=\"tr_TR\" \/>\n<meta property=\"og:type\" content=\"article\" \/>\n<meta property=\"og:title\" content=\"Ana Sayfa - mobcash\" \/>\n<meta property=\"og:description\" content=\"\u00c3\u2021EVR\u00c4\u00b0M \u00c4\u00b0\u00c3\u2021\u00c4\u00b0 KAZAN\u00c3\u2021 \u00c4\u00b0\u00c3\u2021\u00c4\u00b0N BETANDYOU TEMS\u00c4\u00b0LC\u00c4\u00b0S\u00c4\u00b0 OLUN Yolculu\u00c4\u0178unuza Bug\u00c3\u00bcn Ba\u00c5\u0178lay\u00c4\u00b1n! Temsilci olun Betandyou ile \u00c3\u00a7evrim i\u00c3\u00a7i kazan\u00c3\u00a7 sa\u00c4\u0178lamak i\u00c3\u00a7in f\u00c4\u00b1rsatlar d\u00c3\u00bcnyas\u00c4\u00b1n\u00c4\u00b1 ke\u00c5\u0178fedin. Temsilci olarak kazan\u00c4\u00b1n, b\u00c3\u00bcy\u00c3\u00bcy\u00c3\u00bcn ve ba\u00c5\u0178ar\u00c4\u00b1l\u00c4\u00b1 olun. \u00c4\u00b0ster oyuncu i\u00c5\u0178lemleriyle ilgilenin, ister kendi a\u00c4\u0178\u00c4\u00b1n\u00c4\u00b1z\u00c4\u00b1 kurun; platformumuz finansal ba\u00c4\u0178\u00c4\u00b1ms\u00c4\u00b1zl\u00c4\u00b1\u00c4\u0178\u00c4\u00b1n\u00c4\u00b1za giden yolda ihtiyac\u00c4\u00b1n\u00c4\u00b1z olan ara\u00c3\u00a7lar\u00c4\u00b1 ve deste\u00c4\u0178i sa\u00c4\u0178lar.\" \/>\n<meta property=\"og:url\" content=\"https:\/\/nem-mc.bettest.site\/tr\/\" \/>\n<meta property=\"og:site_name\" content=\"mobcash\" \/>\n<meta property=\"article:modified_time\" content=\"2024-09-06T10:20:29+00:00\" \/>\n<meta name=\"twitter:card\" content=\"summary_large_image\" \/>\n<script type=\"application\/ld+json\" class=\"yoast-schema-graph\">{\"@context\":\"https:\/\/schema.org\",\"@graph\":[{\"@type\":\"WebPage\",\"@id\":\"https:\/\/nem-mc.bettest.site\/tr\/\",\"url\":\"https:\/\/nem-mc.bettest.site\/tr\/\",\"name\":\"Ana Sayfa - mobcash\",\"isPartOf\":{\"@id\":\"https:\/\/nem-mc.bettest.site\/tr\/#website\"},\"datePublished\":\"2024-08-15T15:45:41+00:00\",\"dateModified\":\"2024-09-06T10:20:29+00:00\",\"breadcrumb\":{\"@id\":\"https:\/\/nem-mc.bettest.site\/tr\/#breadcrumb\"},\"inLanguage\":\"tr\",\"potentialAction\":[{\"@type\":\"ReadAction\",\"target\":[\"https:\/\/nem-mc.bettest.site\/tr\/\"]}]},{\"@type\":\"BreadcrumbList\",\"@id\":\"https:\/\/nem-mc.bettest.site\/tr\/#breadcrumb\",\"itemListElement\":[{\"@type\":\"ListItem\",\"position\":1,\"name\":\"Home\",\"item\":\"https:\/\/nem-mc.bettest.site\/tr\/\"},{\"@type\":\"ListItem\",\"position\":2,\"name\":\"Ana Sayfa\"}]},{\"@type\":\"WebSite\",\"@id\":\"https:\/\/nem-mc.bettest.site\/tr\/#website\",\"url\":\"https:\/\/nem-mc.bettest.site\/tr\/\",\"name\":\"mobcash\",\"description\":\"\",\"publisher\":{\"@id\":\"https:\/\/nem-mc.bettest.site\/tr\/#organization\"},\"potentialAction\":[{\"@type\":\"SearchAction\",\"target\":{\"@type\":\"EntryPoint\",\"urlTemplate\":\"https:\/\/nem-mc.bettest.site\/tr\/?s={search_term_string}\"},\"query-input\":{\"@type\":\"PropertyValueSpecification\",\"valueRequired\":true,\"valueName\":\"search_term_string\"}}],\"inLanguage\":\"tr\"},{\"@type\":\"Organization\",\"@id\":\"https:\/\/nem-mc.bettest.site\/tr\/#organization\",\"name\":\"mobcash\",\"url\":\"https:\/\/nem-mc.bettest.site\/tr\/\",\"logo\":{\"@type\":\"ImageObject\",\"inLanguage\":\"tr\",\"@id\":\"https:\/\/nem-mc.bettest.site\/tr\/#\/schema\/logo\/image\/\",\"url\":\"https:\/\/nem-mc.bettest.site\/wp-content\/uploads\/2024\/09\/logo-best.png\",\"contentUrl\":\"https:\/\/nem-mc.bettest.site\/wp-content\/uploads\/2024\/09\/logo-best.png\",\"width\":195,\"height\":37,\"caption\":\"mobcash\"},\"image\":{\"@id\":\"https:\/\/nem-mc.bettest.site\/tr\/#\/schema\/logo\/image\/\"}}]}<\/script>\n<!-- \/ Yoast SEO plugin. -->","yoast_head_json":{"title":"Ana Sayfa - mobcash","robots":{"index":"index","follow":"follow","max-snippet":"max-snippet:-1","max-image-preview":"max-image-preview:large","max-video-preview":"max-video-preview:-1"},"canonical":"https:\/\/nem-mc.bettest.site\/tr\/","og_locale":"tr_TR","og_type":"article","og_title":"Ana Sayfa - mobcash","og_description":"\u00c3\u2021EVR\u00c4\u00b0M \u00c4\u00b0\u00c3\u2021\u00c4\u00b0 KAZAN\u00c3\u2021 \u00c4\u00b0\u00c3\u2021\u00c4\u00b0N BETANDYOU TEMS\u00c4\u00b0LC\u00c4\u00b0S\u00c4\u00b0 OLUN Yolculu\u00c4\u0178unuza Bug\u00c3\u00bcn Ba\u00c5\u0178lay\u00c4\u00b1n! Temsilci olun Betandyou ile \u00c3\u00a7evrim i\u00c3\u00a7i kazan\u00c3\u00a7 sa\u00c4\u0178lamak i\u00c3\u00a7in f\u00c4\u00b1rsatlar d\u00c3\u00bcnyas\u00c4\u00b1n\u00c4\u00b1 ke\u00c5\u0178fedin. Temsilci olarak kazan\u00c4\u00b1n, b\u00c3\u00bcy\u00c3\u00bcy\u00c3\u00bcn ve ba\u00c5\u0178ar\u00c4\u00b1l\u00c4\u00b1 olun. \u00c4\u00b0ster oyuncu i\u00c5\u0178lemleriyle ilgilenin, ister kendi a\u00c4\u0178\u00c4\u00b1n\u00c4\u00b1z\u00c4\u00b1 kurun; platformumuz finansal ba\u00c4\u0178\u00c4\u00b1ms\u00c4\u00b1zl\u00c4\u00b1\u00c4\u0178\u00c4\u00b1n\u00c4\u00b1za giden yolda ihtiyac\u00c4\u00b1n\u00c4\u00b1z olan ara\u00c3\u00a7lar\u00c4\u00b1 ve deste\u00c4\u0178i sa\u00c4\u0178lar.","og_url":"https:\/\/nem-mc.bettest.site\/tr\/","og_site_name":"mobcash","article_modified_time":"2024-09-06T10:20:29+00:00","twitter_card":"summary_large_image","schema":{"@context":"https:\/\/schema.org","@graph":[{"@type":"WebPage","@id":"https:\/\/nem-mc.bettest.site\/tr\/","url":"https:\/\/nem-mc.bettest.site\/tr\/","name":"Ana Sayfa - mobcash","isPartOf":{"@id":"https:\/\/nem-mc.bettest.site\/tr\/#website"},"datePublished":"2024-08-15T15:45:41+00:00","dateModified":"2024-09-06T10:20:29+00:00","breadcrumb":{"@id":"https:\/\/nem-mc.bettest.site\/tr\/#breadcrumb"},"inLanguage":"tr","potentialAction":[{"@type":"ReadAction","target":["https:\/\/nem-mc.bettest.site\/tr\/"]}]},{"@type":"BreadcrumbList","@id":"https:\/\/nem-mc.bettest.site\/tr\/#breadcrumb","itemListElement":[{"@type":"ListItem","position":1,"name":"Home","item":"https:\/\/nem-mc.bettest.site\/tr\/"},{"@type":"ListItem","position":2,"name":"Ana Sayfa"}]},{"@type":"WebSite","@id":"https:\/\/nem-mc.bettest.site\/tr\/#website","url":"https:\/\/nem-mc.bettest.site\/tr\/","name":"mobcash","description":"","publisher":{"@id":"https:\/\/nem-mc.bettest.site\/tr\/#organization"},"potentialAction":[{"@type":"SearchAction","target":{"@type":"EntryPoint","urlTemplate":"https:\/\/nem-mc.bettest.site\/tr\/?s={search_term_string}"},"query-input":{"@type":"PropertyValueSpecification","valueRequired":true,"valueName":"search_term_string"}}],"inLanguage":"tr"},{"@type":"Organization","@id":"https:\/\/nem-mc.bettest.site\/tr\/#organization","name":"mobcash","url":"https:\/\/nem-mc.bettest.site\/tr\/","logo":{"@type":"ImageObject","inLanguage":"tr","@id":"https:\/\/nem-mc.bettest.site\/tr\/#\/schema\/logo\/image\/","url":"https:\/\/nem-mc.bettest.site\/wp-content\/uploads\/2024\/09\/logo-best.png","contentUrl":"https:\/\/nem-mc.bettest.site\/wp-content\/uploads\/2024\/09\/logo-best.png","width":195,"height":37,"caption":"mobcash"},"image":{"@id":"https:\/\/nem-mc.bettest.site\/tr\/#\/schema\/logo\/image\/"}}]}},"_links":{"self":[{"href":"https:\/\/nem-mc.bettest.site\/tr\/wp-json\/wp\/v2\/pages\/237"}],"collection":[{"href":"https:\/\/nem-mc.bettest.site\/tr\/wp-json\/wp\/v2\/pages"}],"about":[{"href":"https:\/\/nem-mc.bettest.site\/tr\/wp-json\/wp\/v2\/types\/page"}],"author":[{"embeddable":true,"href":"https:\/\/nem-mc.bettest.site\/tr\/wp-json\/wp\/v2\/users\/1"}],"replies":[{"embeddable":true,"href":"https:\/\/nem-mc.bettest.site\/tr\/wp-json\/wp\/v2\/comments?post=237"}],"version-history":[{"count":8,"href":"https:\/\/nem-mc.bettest.site\/tr\/wp-json\/wp\/v2\/pages\/237\/revisions"}],"predecessor-version":[{"id":571,"href":"https:\/\/nem-mc.bettest.site\/tr\/wp-json\/wp\/v2\/pages\/237\/revisions\/571"}],"wp:attachment":[{"href":"https:\/\/nem-mc.bettest.site\/tr\/wp-json\/wp\/v2\/media?parent=237"}],"curies":[{"name":"wp","href":"https:\/\/api.w.org\/{rel}","templated":true}]}}