{"id":214,"date":"2024-08-16T11:47:58","date_gmt":"2024-08-16T11:47:58","guid":{"rendered":"https:\/\/nem-mc.bettest.site\/%d0%be-%d0%bd%d0%b0%d1%81\/"},"modified":"2024-09-18T11:56:10","modified_gmt":"2024-09-18T11:56:10","slug":"about-us","status":"publish","type":"page","link":"https:\/\/nem-mc.bettest.site\/ru\/about-us\/","title":{"rendered":"\u00d0\u017e \u00d0\u00bd\u00d0\u00b0\u00d1\u0081"},"content":{"rendered":"<h1>\u00d0\u017e \u00d0\u00bd\u00d0\u00b0\u00d1\u0081<\/h1>\n<p class=\"font\">\u00d0\u2019\u00d0\u00b0\u00d1\u02c6 \u00d0\u00bd\u00d0\u00b0\u00d0\u00b4\u00d0\u00b5\u00d0\u00b6\u00d0\u00bd\u00d1\u2039\u00d0\u00b9 \u00d0\u00bf\u00d0\u00b0\u00d1\u20ac\u00d1\u201a\u00d0\u00bd\u00d0\u00b5\u00d1\u20ac \u00d0\u00b2 \u00d0\u00bc\u00d0\u00b8\u00d1\u20ac\u00d0\u00b5 \u00d1\u0081\u00d1\u201a\u00d0\u00b0\u00d0\u00b2\u00d0\u00be\u00d0\u00ba<\/p>\n<p class=\"font\">\u00d0\u201d\u00d0\u00be\u00d0\u00b1\u00d1\u20ac\u00d0\u00be \u00d0\u00bf\u00d0\u00be\u00d0\u00b6\u00d0\u00b0\u00d0\u00bb\u00d0\u00be\u00d0\u00b2\u00d0\u00b0\u00d1\u201a\u00d1\u0152 \u00d0\u00b2 BetAndYou, \u00d0\u00bc\u00d0\u00b5\u00d1\u0081\u00d1\u201a\u00d0\u00be, \u00d0\u00b3\u00d0\u00b4\u00d0\u00b5 \u00d0\u00b2\u00d1\u2039 \u00d1\u0081\u00d0\u00bc\u00d0\u00be\u00d0\u00b6\u00d0\u00b5\u00d1\u201a\u00d0\u00b5 \u00d0\u00be\u00d1\u201a\u00d0\u00ba\u00d1\u20ac\u00d1\u2039\u00d1\u201a\u00d1\u0152 \u00d1\u0081\u00d0\u00b2\u00d0\u00be\u00d0\u00b5 \u00d1\u0081\u00d0\u00be\u00d0\u00b1\u00d1\u0081\u00d1\u201a\u00d0\u00b2\u00d0\u00b5\u00d0\u00bd\u00d0\u00bd\u00d0\u00be\u00d0\u00b5 \u00d0\u00bf\u00d1\u20ac\u00d0\u00b8\u00d0\u00b1\u00d1\u2039\u00d0\u00bb\u00d1\u0152\u00d0\u00bd\u00d0\u00be\u00d0\u00b5 \u00d0\u00bf\u00d1\u20ac\u00d0\u00b5\u00d0\u00b4\u00d0\u00bf\u00d1\u20ac\u00d0\u00b8\u00d1\u008f\u00d1\u201a\u00d0\u00b8\u00d0\u00b5 \u00d0\u00b2 \u00d0\u00ba\u00d0\u00b0\u00d1\u2021\u00d0\u00b5\u00d1\u0081\u00d1\u201a\u00d0\u00b2\u00d0\u00b5 \u00d0\u00b0\u00d0\u00b3\u00d0\u00b5\u00d0\u00bd\u00d1\u201a\u00d0\u00b0 Mobcash. \u00d0\u00a1 \u00d0\u00bc\u00d0\u00be\u00d0\u00bc\u00d0\u00b5\u00d0\u00bd\u00d1\u201a\u00d0\u00b0 \u00d0\u00be\u00d1\u0081\u00d0\u00bd\u00d0\u00be\u00d0\u00b2\u00d0\u00b0\u00d0\u00bd\u00d0\u00b8\u00d1\u008f \u00d0\u00b2 2010 \u00d0\u00b3\u00d0\u00be\u00d0\u00b4\u00d1\u0192 \u00d0\u00bc\u00d1\u2039 \u00d1\u20ac\u00d0\u00b0\u00d1\u0081\u00d1\u02c6\u00d0\u00b8\u00d1\u20ac\u00d0\u00b8\u00d0\u00bb\u00d0\u00b8 \u00d1\u0081\u00d0\u00b2\u00d0\u00be\u00d1\u017d \u00d0\u00b4\u00d0\u00b5\u00d1\u008f\u00d1\u201a\u00d0\u00b5\u00d0\u00bb\u00d1\u0152\u00d0\u00bd\u00d0\u00be\u00d1\u0081\u00d1\u201a\u00d1\u0152 \u00d0\u00bf\u00d0\u00be \u00d0\u00b2\u00d1\u0081\u00d0\u00b5\u00d0\u00bc\u00d1\u0192 \u00d0\u00bc\u00d0\u00b8\u00d1\u20ac\u00d1\u0192, \u00d0\u00bf\u00d1\u20ac\u00d0\u00b5\u00d0\u00b4\u00d0\u00be\u00d1\u0081\u00d1\u201a\u00d0\u00b0\u00d0\u00b2\u00d0\u00b8\u00d0\u00b2 \u00d0\u00b1\u00d0\u00b5\u00d1\u0081\u00d1\u2021\u00d0\u00b8\u00d1\u0081\u00d0\u00bb\u00d0\u00b5\u00d0\u00bd\u00d0\u00bd\u00d0\u00be\u00d0\u00bc\u00d1\u0192 \u00d0\u00ba\u00d0\u00be\u00d0\u00bb\u00d0\u00b8\u00d1\u2021\u00d0\u00b5\u00d1\u0081\u00d1\u201a\u00d0\u00b2\u00d1\u0192 \u00d0\u00bb\u00d1\u017d\u00d0\u00b4\u00d0\u00b5\u00d0\u00b9 \u00d0\u00b2\u00d0\u00be\u00d0\u00b7\u00d0\u00bc\u00d0\u00be\u00d0\u00b6\u00d0\u00bd\u00d0\u00be\u00d1\u0081\u00d1\u201a\u00d1\u0152 \u00d1\u20ac\u00d0\u00b0\u00d0\u00b1\u00d0\u00be\u00d1\u201a\u00d0\u00b0\u00d1\u201a\u00d1\u0152 \u00d0\u00b2 \u00d0\u00ba\u00d0\u00b0\u00d1\u2021\u00d0\u00b5\u00d1\u0081\u00d1\u201a\u00d0\u00b2\u00d0\u00b5 \u00d1\u201e\u00d0\u00b8\u00d0\u00bd\u00d0\u00b0\u00d0\u00bd\u00d1\u0081\u00d0\u00be\u00d0\u00b2\u00d1\u2039\u00d1\u2026 \u00d0\u00bf\u00d0\u00be\u00d1\u0081\u00d1\u20ac\u00d0\u00b5\u00d0\u00b4\u00d0\u00bd\u00d0\u00b8\u00d0\u00ba\u00d0\u00be\u00d0\u00b2 \u00d0\u00b2 \u00d0\u00b8\u00d0\u00bd\u00d0\u00b4\u00d1\u0192\u00d1\u0081\u00d1\u201a\u00d1\u20ac\u00d0\u00b8\u00d0\u00b8 \u00d1\u0081\u00d0\u00bf\u00d0\u00be\u00d1\u20ac\u00d1\u201a\u00d0\u00b8\u00d0\u00b2\u00d0\u00bd\u00d1\u2039\u00d1\u2026 \u00d1\u0081\u00d1\u201a\u00d0\u00b0\u00d0\u00b2\u00d0\u00be\u00d0\u00ba. \u00d0\u009d\u00d0\u00b0\u00d1\u02c6\u00d0\u00b0 \u00d0\u00bf\u00d0\u00bb\u00d0\u00b0\u00d1\u201a\u00d1\u201e\u00d0\u00be\u00d1\u20ac\u00d0\u00bc\u00d0\u00b0 \u00d0\u00be\u00d0\u00b1\u00d0\u00b5\u00d1\u0081\u00d0\u00bf\u00d0\u00b5\u00d1\u2021\u00d0\u00b8\u00d0\u00b2\u00d0\u00b0\u00d0\u00b5\u00d1\u201a \u00d0\u00b1\u00d0\u00b5\u00d1\u0081\u00d0\u00bf\u00d1\u20ac\u00d0\u00b5\u00d0\u00bf\u00d1\u008f\u00d1\u201a\u00d1\u0081\u00d1\u201a\u00d0\u00b2\u00d0\u00b5\u00d0\u00bd\u00d0\u00bd\u00d0\u00be\u00d0\u00b5 \u00d0\u00bf\u00d1\u20ac\u00d0\u00be\u00d0\u00b2\u00d0\u00b5\u00d0\u00b4\u00d0\u00b5\u00d0\u00bd\u00d0\u00b8\u00d0\u00b5 \u00d1\u201a\u00d1\u20ac\u00d0\u00b0\u00d0\u00bd\u00d0\u00b7\u00d0\u00b0\u00d0\u00ba\u00d1\u2020\u00d0\u00b8\u00d0\u00b9 \u00d0\u00b4\u00d0\u00bb\u00d1\u008f \u00d0\u00b2\u00d0\u00b0\u00d1\u0081 \u00d0\u00b8 \u00d0\u00b2\u00d0\u00b0\u00d1\u02c6\u00d0\u00b8\u00d1\u2026 \u00d0\u00ba\u00d0\u00bb\u00d0\u00b8\u00d0\u00b5\u00d0\u00bd\u00d1\u201a\u00d0\u00be\u00d0\u00b2, \u00d0\u00bf\u00d1\u20ac\u00d0\u00b5\u00d0\u00b4\u00d0\u00be\u00d1\u0081\u00d1\u201a\u00d0\u00b0\u00d0\u00b2\u00d0\u00bb\u00d1\u008f\u00d1\u008f \u00d1\u0081\u00d1\u201a\u00d0\u00b0\u00d0\u00b1\u00d0\u00b8\u00d0\u00bb\u00d1\u0152\u00d0\u00bd\u00d1\u2039\u00d0\u00b9 \u00d0\u00b8 \u00d0\u00bd\u00d0\u00b0\u00d0\u00b4\u00d0\u00b5\u00d0\u00b6\u00d0\u00bd\u00d1\u2039\u00d0\u00b9 \u00d0\u00b8\u00d1\u0081\u00d1\u201a\u00d0\u00be\u00d1\u2021\u00d0\u00bd\u00d0\u00b8\u00d0\u00ba \u00d0\u00b4\u00d0\u00be\u00d1\u2026\u00d0\u00be\u00d0\u00b4\u00d0\u00b0.<\/p>\n<p><a class=\"button button--yellow custom-btn btn-7\" href=\"https:\/\/nem-mc.bettest.site\/ru\/become-an-agent\/\">\u00d0\u00a3\u00d0\u00b7\u00d0\u00bd\u00d0\u00b0\u00d1\u201a\u00d1\u0152 \u00d0\u00b1\u00d0\u00be\u00d0\u00bb\u00d1\u0152\u00d1\u02c6\u00d0\u00b5<\/a><\/p>\n","protected":false},"excerpt":{"rendered":"<p>\u00d0\u017e \u00d0\u00bd\u00d0\u00b0\u00d1\u0081 \u00d0\u2019\u00d0\u00b0\u00d1\u02c6 \u00d0\u00bd\u00d0\u00b0\u00d0\u00b4\u00d0\u00b5\u00d0\u00b6\u00d0\u00bd\u00d1\u2039\u00d0\u00b9 \u00d0\u00bf\u00d0\u00b0\u00d1\u20ac\u00d1\u201a\u00d0\u00bd\u00d0\u00b5\u00d1\u20ac \u00d0\u00b2 \u00d0\u00bc\u00d0\u00b8\u00d1\u20ac\u00d0\u00b5 \u00d1\u0081\u00d1\u201a\u00d0\u00b0\u00d0\u00b2\u00d0\u00be\u00d0\u00ba \u00d0\u201d\u00d0\u00be\u00d0\u00b1\u00d1\u20ac\u00d0\u00be \u00d0\u00bf\u00d0\u00be\u00d0\u00b6\u00d0\u00b0\u00d0\u00bb\u00d0\u00be\u00d0\u00b2\u00d0\u00b0\u00d1\u201a\u00d1\u0152 \u00d0\u00b2 BetAndYou, \u00d0\u00bc\u00d0\u00b5\u00d1\u0081\u00d1\u201a\u00d0\u00be, \u00d0\u00b3\u00d0\u00b4\u00d0\u00b5 \u00d0\u00b2\u00d1\u2039 \u00d1\u0081\u00d0\u00bc\u00d0\u00be\u00d0\u00b6\u00d0\u00b5\u00d1\u201a\u00d0\u00b5 \u00d0\u00be\u00d1\u201a\u00d0\u00ba\u00d1\u20ac\u00d1\u2039\u00d1\u201a\u00d1\u0152 \u00d1\u0081\u00d0\u00b2\u00d0\u00be\u00d0\u00b5 \u00d1\u0081\u00d0\u00be\u00d0\u00b1\u00d1\u0081\u00d1\u201a\u00d0\u00b2\u00d0\u00b5\u00d0\u00bd\u00d0\u00bd\u00d0\u00be\u00d0\u00b5 \u00d0\u00bf\u00d1\u20ac\u00d0\u00b8\u00d0\u00b1\u00d1\u2039\u00d0\u00bb\u00d1\u0152\u00d0\u00bd\u00d0\u00be\u00d0\u00b5 \u00d0\u00bf\u00d1\u20ac\u00d0\u00b5\u00d0\u00b4\u00d0\u00bf\u00d1\u20ac\u00d0\u00b8\u00d1\u008f\u00d1\u201a\u00d0\u00b8\u00d0\u00b5 \u00d0\u00b2 \u00d0\u00ba\u00d0\u00b0\u00d1\u2021\u00d0\u00b5\u00d1\u0081\u00d1\u201a\u00d0\u00b2\u00d0\u00b5 \u00d0\u00b0\u00d0\u00b3\u00d0\u00b5\u00d0\u00bd\u00d1\u201a\u00d0\u00b0 Mobcash. \u00d0\u00a1 \u00d0\u00bc\u00d0\u00be\u00d0\u00bc\u00d0\u00b5\u00d0\u00bd\u00d1\u201a\u00d0\u00b0 \u00d0\u00be\u00d1\u0081\u00d0\u00bd\u00d0\u00be\u00d0\u00b2\u00d0\u00b0\u00d0\u00bd\u00d0\u00b8\u00d1\u008f \u00d0\u00b2 2010 \u00d0\u00b3\u00d0\u00be\u00d0\u00b4\u00d1\u0192 \u00d0\u00bc\u00d1\u2039 \u00d1\u20ac\u00d0\u00b0\u00d1\u0081\u00d1\u02c6\u00d0\u00b8\u00d1\u20ac\u00d0\u00b8\u00d0\u00bb\u00d0\u00b8 \u00d1\u0081\u00d0\u00b2\u00d0\u00be\u00d1\u017d \u00d0\u00b4\u00d0\u00b5\u00d1\u008f\u00d1\u201a\u00d0\u00b5\u00d0\u00bb\u00d1\u0152\u00d0\u00bd\u00d0\u00be\u00d1\u0081\u00d1\u201a\u00d1\u0152 \u00d0\u00bf\u00d0\u00be \u00d0\u00b2\u00d1\u0081\u00d0\u00b5\u00d0\u00bc\u00d1\u0192 \u00d0\u00bc\u00d0\u00b8\u00d1\u20ac\u00d1\u0192, \u00d0\u00bf\u00d1\u20ac\u00d0\u00b5\u00d0\u00b4\u00d0\u00be\u00d1\u0081\u00d1\u201a\u00d0\u00b0\u00d0\u00b2\u00d0\u00b8\u00d0\u00b2 \u00d0\u00b1\u00d0\u00b5\u00d1\u0081\u00d1\u2021\u00d0\u00b8\u00d1\u0081\u00d0\u00bb\u00d0\u00b5\u00d0\u00bd\u00d0\u00bd\u00d0\u00be\u00d0\u00bc\u00d1\u0192 \u00d0\u00ba\u00d0\u00be\u00d0\u00bb\u00d0\u00b8\u00d1\u2021\u00d0\u00b5\u00d1\u0081\u00d1\u201a\u00d0\u00b2\u00d1\u0192 \u00d0\u00bb\u00d1\u017d\u00d0\u00b4\u00d0\u00b5\u00d0\u00b9 \u00d0\u00b2\u00d0\u00be\u00d0\u00b7\u00d0\u00bc\u00d0\u00be\u00d0\u00b6\u00d0\u00bd\u00d0\u00be\u00d1\u0081\u00d1\u201a\u00d1\u0152 \u00d1\u20ac\u00d0\u00b0\u00d0\u00b1\u00d0\u00be\u00d1\u201a\u00d0\u00b0\u00d1\u201a\u00d1\u0152 \u00d0\u00b2 \u00d0\u00ba\u00d0\u00b0\u00d1\u2021\u00d0\u00b5\u00d1\u0081\u00d1\u201a\u00d0\u00b2\u00d0\u00b5 \u00d1\u201e\u00d0\u00b8\u00d0\u00bd\u00d0\u00b0\u00d0\u00bd\u00d1\u0081\u00d0\u00be\u00d0\u00b2\u00d1\u2039\u00d1\u2026 \u00d0\u00bf\u00d0\u00be\u00d1\u0081\u00d1\u20ac\u00d0\u00b5\u00d0\u00b4\u00d0\u00bd\u00d0\u00b8\u00d0\u00ba\u00d0\u00be\u00d0\u00b2 \u00d0\u00b2 \u00d0\u00b8\u00d0\u00bd\u00d0\u00b4\u00d1\u0192\u00d1\u0081\u00d1\u201a\u00d1\u20ac\u00d0\u00b8\u00d0\u00b8 \u00d1\u0081\u00d0\u00bf\u00d0\u00be\u00d1\u20ac\u00d1\u201a\u00d0\u00b8\u00d0\u00b2\u00d0\u00bd\u00d1\u2039\u00d1\u2026 \u00d1\u0081\u00d1\u201a\u00d0\u00b0\u00d0\u00b2\u00d0\u00be\u00d0\u00ba. \u00d0\u009d\u00d0\u00b0\u00d1\u02c6\u00d0\u00b0 \u00d0\u00bf\u00d0\u00bb\u00d0\u00b0\u00d1\u201a\u00d1\u201e\u00d0\u00be\u00d1\u20ac\u00d0\u00bc\u00d0\u00b0 \u00d0\u00be\u00d0\u00b1\u00d0\u00b5\u00d1\u0081\u00d0\u00bf\u00d0\u00b5\u00d1\u2021\u00d0\u00b8\u00d0\u00b2\u00d0\u00b0\u00d0\u00b5\u00d1\u201a [&hellip;]<\/p>\n","protected":false},"author":1,"featured_media":0,"parent":0,"menu_order":0,"comment_status":"closed","ping_status":"closed","template":"page-about-us.php","meta":{"footnotes":""},"class_list":["post-214","page","type-page","status-publish","hentry"],"yoast_head":"<!-- This site is optimized with the Yoast SEO plugin v23.6 - https:\/\/yoast.com\/wordpress\/plugins\/seo\/ -->\n<title>\u00d0\u017e \u00d0\u00bd\u00d0\u00b0\u00d1\u0081 - mobcash<\/title>\n<meta name=\"robots\" content=\"index, follow, max-snippet:-1, max-image-preview:large, max-video-preview:-1\" \/>\n<link rel=\"canonical\" href=\"https:\/\/nem-mc.bettest.site\/ru\/about-us\/\" \/>\n<meta property=\"og:locale\" content=\"ru_RU\" \/>\n<meta property=\"og:type\" content=\"article\" \/>\n<meta property=\"og:title\" content=\"\u00d0\u017e \u00d0\u00bd\u00d0\u00b0\u00d1\u0081 - mobcash\" \/>\n<meta property=\"og:description\" content=\"\u00d0\u017e \u00d0\u00bd\u00d0\u00b0\u00d1\u0081 \u00d0\u2019\u00d0\u00b0\u00d1\u02c6 \u00d0\u00bd\u00d0\u00b0\u00d0\u00b4\u00d0\u00b5\u00d0\u00b6\u00d0\u00bd\u00d1\u2039\u00d0\u00b9 \u00d0\u00bf\u00d0\u00b0\u00d1\u20ac\u00d1\u201a\u00d0\u00bd\u00d0\u00b5\u00d1\u20ac \u00d0\u00b2 \u00d0\u00bc\u00d0\u00b8\u00d1\u20ac\u00d0\u00b5 \u00d1\u0081\u00d1\u201a\u00d0\u00b0\u00d0\u00b2\u00d0\u00be\u00d0\u00ba \u00d0\u201d\u00d0\u00be\u00d0\u00b1\u00d1\u20ac\u00d0\u00be \u00d0\u00bf\u00d0\u00be\u00d0\u00b6\u00d0\u00b0\u00d0\u00bb\u00d0\u00be\u00d0\u00b2\u00d0\u00b0\u00d1\u201a\u00d1\u0152 \u00d0\u00b2 BetAndYou, \u00d0\u00bc\u00d0\u00b5\u00d1\u0081\u00d1\u201a\u00d0\u00be, \u00d0\u00b3\u00d0\u00b4\u00d0\u00b5 \u00d0\u00b2\u00d1\u2039 \u00d1\u0081\u00d0\u00bc\u00d0\u00be\u00d0\u00b6\u00d0\u00b5\u00d1\u201a\u00d0\u00b5 \u00d0\u00be\u00d1\u201a\u00d0\u00ba\u00d1\u20ac\u00d1\u2039\u00d1\u201a\u00d1\u0152 \u00d1\u0081\u00d0\u00b2\u00d0\u00be\u00d0\u00b5 \u00d1\u0081\u00d0\u00be\u00d0\u00b1\u00d1\u0081\u00d1\u201a\u00d0\u00b2\u00d0\u00b5\u00d0\u00bd\u00d0\u00bd\u00d0\u00be\u00d0\u00b5 \u00d0\u00bf\u00d1\u20ac\u00d0\u00b8\u00d0\u00b1\u00d1\u2039\u00d0\u00bb\u00d1\u0152\u00d0\u00bd\u00d0\u00be\u00d0\u00b5 \u00d0\u00bf\u00d1\u20ac\u00d0\u00b5\u00d0\u00b4\u00d0\u00bf\u00d1\u20ac\u00d0\u00b8\u00d1\u008f\u00d1\u201a\u00d0\u00b8\u00d0\u00b5 \u00d0\u00b2 \u00d0\u00ba\u00d0\u00b0\u00d1\u2021\u00d0\u00b5\u00d1\u0081\u00d1\u201a\u00d0\u00b2\u00d0\u00b5 \u00d0\u00b0\u00d0\u00b3\u00d0\u00b5\u00d0\u00bd\u00d1\u201a\u00d0\u00b0 Mobcash. \u00d0\u00a1 \u00d0\u00bc\u00d0\u00be\u00d0\u00bc\u00d0\u00b5\u00d0\u00bd\u00d1\u201a\u00d0\u00b0 \u00d0\u00be\u00d1\u0081\u00d0\u00bd\u00d0\u00be\u00d0\u00b2\u00d0\u00b0\u00d0\u00bd\u00d0\u00b8\u00d1\u008f \u00d0\u00b2 2010 \u00d0\u00b3\u00d0\u00be\u00d0\u00b4\u00d1\u0192 \u00d0\u00bc\u00d1\u2039 \u00d1\u20ac\u00d0\u00b0\u00d1\u0081\u00d1\u02c6\u00d0\u00b8\u00d1\u20ac\u00d0\u00b8\u00d0\u00bb\u00d0\u00b8 \u00d1\u0081\u00d0\u00b2\u00d0\u00be\u00d1\u017d \u00d0\u00b4\u00d0\u00b5\u00d1\u008f\u00d1\u201a\u00d0\u00b5\u00d0\u00bb\u00d1\u0152\u00d0\u00bd\u00d0\u00be\u00d1\u0081\u00d1\u201a\u00d1\u0152 \u00d0\u00bf\u00d0\u00be \u00d0\u00b2\u00d1\u0081\u00d0\u00b5\u00d0\u00bc\u00d1\u0192 \u00d0\u00bc\u00d0\u00b8\u00d1\u20ac\u00d1\u0192, \u00d0\u00bf\u00d1\u20ac\u00d0\u00b5\u00d0\u00b4\u00d0\u00be\u00d1\u0081\u00d1\u201a\u00d0\u00b0\u00d0\u00b2\u00d0\u00b8\u00d0\u00b2 \u00d0\u00b1\u00d0\u00b5\u00d1\u0081\u00d1\u2021\u00d0\u00b8\u00d1\u0081\u00d0\u00bb\u00d0\u00b5\u00d0\u00bd\u00d0\u00bd\u00d0\u00be\u00d0\u00bc\u00d1\u0192 \u00d0\u00ba\u00d0\u00be\u00d0\u00bb\u00d0\u00b8\u00d1\u2021\u00d0\u00b5\u00d1\u0081\u00d1\u201a\u00d0\u00b2\u00d1\u0192 \u00d0\u00bb\u00d1\u017d\u00d0\u00b4\u00d0\u00b5\u00d0\u00b9 \u00d0\u00b2\u00d0\u00be\u00d0\u00b7\u00d0\u00bc\u00d0\u00be\u00d0\u00b6\u00d0\u00bd\u00d0\u00be\u00d1\u0081\u00d1\u201a\u00d1\u0152 \u00d1\u20ac\u00d0\u00b0\u00d0\u00b1\u00d0\u00be\u00d1\u201a\u00d0\u00b0\u00d1\u201a\u00d1\u0152 \u00d0\u00b2 \u00d0\u00ba\u00d0\u00b0\u00d1\u2021\u00d0\u00b5\u00d1\u0081\u00d1\u201a\u00d0\u00b2\u00d0\u00b5 \u00d1\u201e\u00d0\u00b8\u00d0\u00bd\u00d0\u00b0\u00d0\u00bd\u00d1\u0081\u00d0\u00be\u00d0\u00b2\u00d1\u2039\u00d1\u2026 \u00d0\u00bf\u00d0\u00be\u00d1\u0081\u00d1\u20ac\u00d0\u00b5\u00d0\u00b4\u00d0\u00bd\u00d0\u00b8\u00d0\u00ba\u00d0\u00be\u00d0\u00b2 \u00d0\u00b2 \u00d0\u00b8\u00d0\u00bd\u00d0\u00b4\u00d1\u0192\u00d1\u0081\u00d1\u201a\u00d1\u20ac\u00d0\u00b8\u00d0\u00b8 \u00d1\u0081\u00d0\u00bf\u00d0\u00be\u00d1\u20ac\u00d1\u201a\u00d0\u00b8\u00d0\u00b2\u00d0\u00bd\u00d1\u2039\u00d1\u2026 \u00d1\u0081\u00d1\u201a\u00d0\u00b0\u00d0\u00b2\u00d0\u00be\u00d0\u00ba. \u00d0\u009d\u00d0\u00b0\u00d1\u02c6\u00d0\u00b0 \u00d0\u00bf\u00d0\u00bb\u00d0\u00b0\u00d1\u201a\u00d1\u201e\u00d0\u00be\u00d1\u20ac\u00d0\u00bc\u00d0\u00b0 \u00d0\u00be\u00d0\u00b1\u00d0\u00b5\u00d1\u0081\u00d0\u00bf\u00d0\u00b5\u00d1\u2021\u00d0\u00b8\u00d0\u00b2\u00d0\u00b0\u00d0\u00b5\u00d1\u201a [&hellip;]\" \/>\n<meta property=\"og:url\" content=\"https:\/\/nem-mc.bettest.site\/ru\/about-us\/\" \/>\n<meta property=\"og:site_name\" content=\"mobcash\" \/>\n<meta property=\"article:modified_time\" content=\"2024-09-18T11:56:10+00:00\" \/>\n<meta name=\"twitter:card\" content=\"summary_large_image\" \/>\n<script type=\"application\/ld+json\" class=\"yoast-schema-graph\">{\"@context\":\"https:\/\/schema.org\",\"@graph\":[{\"@type\":\"WebPage\",\"@id\":\"https:\/\/nem-mc.bettest.site\/ru\/about-us\/\",\"url\":\"https:\/\/nem-mc.bettest.site\/ru\/about-us\/\",\"name\":\"\u00d0\u017e \u00d0\u00bd\u00d0\u00b0\u00d1\u0081 - mobcash\",\"isPartOf\":{\"@id\":\"https:\/\/nem-mc.bettest.site\/ru\/#website\"},\"datePublished\":\"2024-08-16T11:47:58+00:00\",\"dateModified\":\"2024-09-18T11:56:10+00:00\",\"breadcrumb\":{\"@id\":\"https:\/\/nem-mc.bettest.site\/ru\/about-us\/#breadcrumb\"},\"inLanguage\":\"ru-RU\",\"potentialAction\":[{\"@type\":\"ReadAction\",\"target\":[\"https:\/\/nem-mc.bettest.site\/ru\/about-us\/\"]}]},{\"@type\":\"BreadcrumbList\",\"@id\":\"https:\/\/nem-mc.bettest.site\/ru\/about-us\/#breadcrumb\",\"itemListElement\":[{\"@type\":\"ListItem\",\"position\":1,\"name\":\"Home\",\"item\":\"https:\/\/nem-mc.bettest.site\/ru\/\"},{\"@type\":\"ListItem\",\"position\":2,\"name\":\"\u00d0\u017e \u00d0\u00bd\u00d0\u00b0\u00d1\u0081\"}]},{\"@type\":\"WebSite\",\"@id\":\"https:\/\/nem-mc.bettest.site\/ru\/#website\",\"url\":\"https:\/\/nem-mc.bettest.site\/ru\/\",\"name\":\"mobcash\",\"description\":\"\",\"publisher\":{\"@id\":\"https:\/\/nem-mc.bettest.site\/ru\/#organization\"},\"potentialAction\":[{\"@type\":\"SearchAction\",\"target\":{\"@type\":\"EntryPoint\",\"urlTemplate\":\"https:\/\/nem-mc.bettest.site\/ru\/?s={search_term_string}\"},\"query-input\":{\"@type\":\"PropertyValueSpecification\",\"valueRequired\":true,\"valueName\":\"search_term_string\"}}],\"inLanguage\":\"ru-RU\"},{\"@type\":\"Organization\",\"@id\":\"https:\/\/nem-mc.bettest.site\/ru\/#organization\",\"name\":\"mobcash\",\"url\":\"https:\/\/nem-mc.bettest.site\/ru\/\",\"logo\":{\"@type\":\"ImageObject\",\"inLanguage\":\"ru-RU\",\"@id\":\"https:\/\/nem-mc.bettest.site\/ru\/#\/schema\/logo\/image\/\",\"url\":\"https:\/\/nem-mc.bettest.site\/wp-content\/uploads\/2024\/09\/logo-best.png\",\"contentUrl\":\"https:\/\/nem-mc.bettest.site\/wp-content\/uploads\/2024\/09\/logo-best.png\",\"width\":195,\"height\":37,\"caption\":\"mobcash\"},\"image\":{\"@id\":\"https:\/\/nem-mc.bettest.site\/ru\/#\/schema\/logo\/image\/\"}}]}<\/script>\n<!-- \/ Yoast SEO plugin. -->","yoast_head_json":{"title":"\u00d0\u017e \u00d0\u00bd\u00d0\u00b0\u00d1\u0081 - mobcash","robots":{"index":"index","follow":"follow","max-snippet":"max-snippet:-1","max-image-preview":"max-image-preview:large","max-video-preview":"max-video-preview:-1"},"canonical":"https:\/\/nem-mc.bettest.site\/ru\/about-us\/","og_locale":"ru_RU","og_type":"article","og_title":"\u00d0\u017e \u00d0\u00bd\u00d0\u00b0\u00d1\u0081 - mobcash","og_description":"\u00d0\u017e \u00d0\u00bd\u00d0\u00b0\u00d1\u0081 \u00d0\u2019\u00d0\u00b0\u00d1\u02c6 \u00d0\u00bd\u00d0\u00b0\u00d0\u00b4\u00d0\u00b5\u00d0\u00b6\u00d0\u00bd\u00d1\u2039\u00d0\u00b9 \u00d0\u00bf\u00d0\u00b0\u00d1\u20ac\u00d1\u201a\u00d0\u00bd\u00d0\u00b5\u00d1\u20ac \u00d0\u00b2 \u00d0\u00bc\u00d0\u00b8\u00d1\u20ac\u00d0\u00b5 \u00d1\u0081\u00d1\u201a\u00d0\u00b0\u00d0\u00b2\u00d0\u00be\u00d0\u00ba \u00d0\u201d\u00d0\u00be\u00d0\u00b1\u00d1\u20ac\u00d0\u00be \u00d0\u00bf\u00d0\u00be\u00d0\u00b6\u00d0\u00b0\u00d0\u00bb\u00d0\u00be\u00d0\u00b2\u00d0\u00b0\u00d1\u201a\u00d1\u0152 \u00d0\u00b2 BetAndYou, \u00d0\u00bc\u00d0\u00b5\u00d1\u0081\u00d1\u201a\u00d0\u00be, \u00d0\u00b3\u00d0\u00b4\u00d0\u00b5 \u00d0\u00b2\u00d1\u2039 \u00d1\u0081\u00d0\u00bc\u00d0\u00be\u00d0\u00b6\u00d0\u00b5\u00d1\u201a\u00d0\u00b5 \u00d0\u00be\u00d1\u201a\u00d0\u00ba\u00d1\u20ac\u00d1\u2039\u00d1\u201a\u00d1\u0152 \u00d1\u0081\u00d0\u00b2\u00d0\u00be\u00d0\u00b5 \u00d1\u0081\u00d0\u00be\u00d0\u00b1\u00d1\u0081\u00d1\u201a\u00d0\u00b2\u00d0\u00b5\u00d0\u00bd\u00d0\u00bd\u00d0\u00be\u00d0\u00b5 \u00d0\u00bf\u00d1\u20ac\u00d0\u00b8\u00d0\u00b1\u00d1\u2039\u00d0\u00bb\u00d1\u0152\u00d0\u00bd\u00d0\u00be\u00d0\u00b5 \u00d0\u00bf\u00d1\u20ac\u00d0\u00b5\u00d0\u00b4\u00d0\u00bf\u00d1\u20ac\u00d0\u00b8\u00d1\u008f\u00d1\u201a\u00d0\u00b8\u00d0\u00b5 \u00d0\u00b2 \u00d0\u00ba\u00d0\u00b0\u00d1\u2021\u00d0\u00b5\u00d1\u0081\u00d1\u201a\u00d0\u00b2\u00d0\u00b5 \u00d0\u00b0\u00d0\u00b3\u00d0\u00b5\u00d0\u00bd\u00d1\u201a\u00d0\u00b0 Mobcash. \u00d0\u00a1 \u00d0\u00bc\u00d0\u00be\u00d0\u00bc\u00d0\u00b5\u00d0\u00bd\u00d1\u201a\u00d0\u00b0 \u00d0\u00be\u00d1\u0081\u00d0\u00bd\u00d0\u00be\u00d0\u00b2\u00d0\u00b0\u00d0\u00bd\u00d0\u00b8\u00d1\u008f \u00d0\u00b2 2010 \u00d0\u00b3\u00d0\u00be\u00d0\u00b4\u00d1\u0192 \u00d0\u00bc\u00d1\u2039 \u00d1\u20ac\u00d0\u00b0\u00d1\u0081\u00d1\u02c6\u00d0\u00b8\u00d1\u20ac\u00d0\u00b8\u00d0\u00bb\u00d0\u00b8 \u00d1\u0081\u00d0\u00b2\u00d0\u00be\u00d1\u017d \u00d0\u00b4\u00d0\u00b5\u00d1\u008f\u00d1\u201a\u00d0\u00b5\u00d0\u00bb\u00d1\u0152\u00d0\u00bd\u00d0\u00be\u00d1\u0081\u00d1\u201a\u00d1\u0152 \u00d0\u00bf\u00d0\u00be \u00d0\u00b2\u00d1\u0081\u00d0\u00b5\u00d0\u00bc\u00d1\u0192 \u00d0\u00bc\u00d0\u00b8\u00d1\u20ac\u00d1\u0192, \u00d0\u00bf\u00d1\u20ac\u00d0\u00b5\u00d0\u00b4\u00d0\u00be\u00d1\u0081\u00d1\u201a\u00d0\u00b0\u00d0\u00b2\u00d0\u00b8\u00d0\u00b2 \u00d0\u00b1\u00d0\u00b5\u00d1\u0081\u00d1\u2021\u00d0\u00b8\u00d1\u0081\u00d0\u00bb\u00d0\u00b5\u00d0\u00bd\u00d0\u00bd\u00d0\u00be\u00d0\u00bc\u00d1\u0192 \u00d0\u00ba\u00d0\u00be\u00d0\u00bb\u00d0\u00b8\u00d1\u2021\u00d0\u00b5\u00d1\u0081\u00d1\u201a\u00d0\u00b2\u00d1\u0192 \u00d0\u00bb\u00d1\u017d\u00d0\u00b4\u00d0\u00b5\u00d0\u00b9 \u00d0\u00b2\u00d0\u00be\u00d0\u00b7\u00d0\u00bc\u00d0\u00be\u00d0\u00b6\u00d0\u00bd\u00d0\u00be\u00d1\u0081\u00d1\u201a\u00d1\u0152 \u00d1\u20ac\u00d0\u00b0\u00d0\u00b1\u00d0\u00be\u00d1\u201a\u00d0\u00b0\u00d1\u201a\u00d1\u0152 \u00d0\u00b2 \u00d0\u00ba\u00d0\u00b0\u00d1\u2021\u00d0\u00b5\u00d1\u0081\u00d1\u201a\u00d0\u00b2\u00d0\u00b5 \u00d1\u201e\u00d0\u00b8\u00d0\u00bd\u00d0\u00b0\u00d0\u00bd\u00d1\u0081\u00d0\u00be\u00d0\u00b2\u00d1\u2039\u00d1\u2026 \u00d0\u00bf\u00d0\u00be\u00d1\u0081\u00d1\u20ac\u00d0\u00b5\u00d0\u00b4\u00d0\u00bd\u00d0\u00b8\u00d0\u00ba\u00d0\u00be\u00d0\u00b2 \u00d0\u00b2 \u00d0\u00b8\u00d0\u00bd\u00d0\u00b4\u00d1\u0192\u00d1\u0081\u00d1\u201a\u00d1\u20ac\u00d0\u00b8\u00d0\u00b8 \u00d1\u0081\u00d0\u00bf\u00d0\u00be\u00d1\u20ac\u00d1\u201a\u00d0\u00b8\u00d0\u00b2\u00d0\u00bd\u00d1\u2039\u00d1\u2026 \u00d1\u0081\u00d1\u201a\u00d0\u00b0\u00d0\u00b2\u00d0\u00be\u00d0\u00ba. \u00d0\u009d\u00d0\u00b0\u00d1\u02c6\u00d0\u00b0 \u00d0\u00bf\u00d0\u00bb\u00d0\u00b0\u00d1\u201a\u00d1\u201e\u00d0\u00be\u00d1\u20ac\u00d0\u00bc\u00d0\u00b0 \u00d0\u00be\u00d0\u00b1\u00d0\u00b5\u00d1\u0081\u00d0\u00bf\u00d0\u00b5\u00d1\u2021\u00d0\u00b8\u00d0\u00b2\u00d0\u00b0\u00d0\u00b5\u00d1\u201a [&hellip;]","og_url":"https:\/\/nem-mc.bettest.site\/ru\/about-us\/","og_site_name":"mobcash","article_modified_time":"2024-09-18T11:56:10+00:00","twitter_card":"summary_large_image","schema":{"@context":"https:\/\/schema.org","@graph":[{"@type":"WebPage","@id":"https:\/\/nem-mc.bettest.site\/ru\/about-us\/","url":"https:\/\/nem-mc.bettest.site\/ru\/about-us\/","name":"\u00d0\u017e \u00d0\u00bd\u00d0\u00b0\u00d1\u0081 - mobcash","isPartOf":{"@id":"https:\/\/nem-mc.bettest.site\/ru\/#website"},"datePublished":"2024-08-16T11:47:58+00:00","dateModified":"2024-09-18T11:56:10+00:00","breadcrumb":{"@id":"https:\/\/nem-mc.bettest.site\/ru\/about-us\/#breadcrumb"},"inLanguage":"ru-RU","potentialAction":[{"@type":"ReadAction","target":["https:\/\/nem-mc.bettest.site\/ru\/about-us\/"]}]},{"@type":"BreadcrumbList","@id":"https:\/\/nem-mc.bettest.site\/ru\/about-us\/#breadcrumb","itemListElement":[{"@type":"ListItem","position":1,"name":"Home","item":"https:\/\/nem-mc.bettest.site\/ru\/"},{"@type":"ListItem","position":2,"name":"\u00d0\u017e \u00d0\u00bd\u00d0\u00b0\u00d1\u0081"}]},{"@type":"WebSite","@id":"https:\/\/nem-mc.bettest.site\/ru\/#website","url":"https:\/\/nem-mc.bettest.site\/ru\/","name":"mobcash","description":"","publisher":{"@id":"https:\/\/nem-mc.bettest.site\/ru\/#organization"},"potentialAction":[{"@type":"SearchAction","target":{"@type":"EntryPoint","urlTemplate":"https:\/\/nem-mc.bettest.site\/ru\/?s={search_term_string}"},"query-input":{"@type":"PropertyValueSpecification","valueRequired":true,"valueName":"search_term_string"}}],"inLanguage":"ru-RU"},{"@type":"Organization","@id":"https:\/\/nem-mc.bettest.site\/ru\/#organization","name":"mobcash","url":"https:\/\/nem-mc.bettest.site\/ru\/","logo":{"@type":"ImageObject","inLanguage":"ru-RU","@id":"https:\/\/nem-mc.bettest.site\/ru\/#\/schema\/logo\/image\/","url":"https:\/\/nem-mc.bettest.site\/wp-content\/uploads\/2024\/09\/logo-best.png","contentUrl":"https:\/\/nem-mc.bettest.site\/wp-content\/uploads\/2024\/09\/logo-best.png","width":195,"height":37,"caption":"mobcash"},"image":{"@id":"https:\/\/nem-mc.bettest.site\/ru\/#\/schema\/logo\/image\/"}}]}},"_links":{"self":[{"href":"https:\/\/nem-mc.bettest.site\/ru\/wp-json\/wp\/v2\/pages\/214"}],"collection":[{"href":"https:\/\/nem-mc.bettest.site\/ru\/wp-json\/wp\/v2\/pages"}],"about":[{"href":"https:\/\/nem-mc.bettest.site\/ru\/wp-json\/wp\/v2\/types\/page"}],"author":[{"embeddable":true,"href":"https:\/\/nem-mc.bettest.site\/ru\/wp-json\/wp\/v2\/users\/1"}],"replies":[{"embeddable":true,"href":"https:\/\/nem-mc.bettest.site\/ru\/wp-json\/wp\/v2\/comments?post=214"}],"version-history":[{"count":14,"href":"https:\/\/nem-mc.bettest.site\/ru\/wp-json\/wp\/v2\/pages\/214\/revisions"}],"predecessor-version":[{"id":659,"href":"https:\/\/nem-mc.bettest.site\/ru\/wp-json\/wp\/v2\/pages\/214\/revisions\/659"}],"wp:attachment":[{"href":"https:\/\/nem-mc.bettest.site\/ru\/wp-json\/wp\/v2\/media?parent=214"}],"curies":[{"name":"wp","href":"https:\/\/api.w.org\/{rel}","templated":true}]}}