{"id":481,"date":"2024-08-16T11:47:58","date_gmt":"2024-08-16T11:47:58","guid":{"rendered":"https:\/\/nem-mc.bettest.site\/about-us\/"},"modified":"2024-09-06T09:52:26","modified_gmt":"2024-09-06T09:52:26","slug":"about-us","status":"publish","type":"page","link":"https:\/\/nem-mc.bettest.site\/az\/about-us\/","title":{"rendered":"Bi\u00cc\u2021zi\u00cc\u2021m haqqimizda"},"content":{"rendered":"<h1>bi\u00cc\u2021zi\u00cc\u2021m haqqimizda<\/h1>\n<p class=\"font\">Sizin m\u00c9\u2122rc d\u00c3\u00bcnyas\u00c4\u00b1nda etibarl\u00c4\u00b1 t\u00c9\u2122r\u00c9\u2122fda\u00c5\u0178\u00c4\u00b1n\u00c4\u00b1z<\/p>\n<p class=\"font\">BetAndYou-a xo\u00c5\u0178 g\u00c9\u2122lmisiniz, Mobcash agenti kimi \u00c3\u00b6z g\u00c9\u2122lirli biznesinizi a\u00c3\u00a7a bil\u00c9\u2122c\u00c9\u2122yiniz bir yerdir. 2010-cu ild\u00c9\u2122 quruldu\u00c4\u0178umuzdan b\u00c9\u2122ri biz b\u00c3\u00bct\u00c3\u00bcn d\u00c3\u00bcnyada \u00c9\u2122m\u00c9\u2122liyyatlar\u00c4\u00b1m\u00c4\u00b1z\u00c4\u00b1 geni\u00c5\u0178l\u00c9\u2122ndirmi\u00c5\u0178ik, says\u00c4\u00b1z-hesabs\u00c4\u00b1z insanlara idman m\u00c9\u2122rcl\u00c9\u2122ri s\u00c9\u2122nayesind\u00c9\u2122 maliyy\u00c9\u2122 vasit\u00c9\u2122\u00c3\u00a7il\u00c9\u2122ri kimi i\u00c5\u0178l\u00c9\u2122m\u00c9\u2122k imkan\u00c4\u00b1 t\u00c9\u2122qdim edirik. Platformam\u00c4\u00b1z sabit v\u00c9\u2122 etibarl\u00c4\u00b1 g\u00c9\u2122lir m\u00c9\u2122nb\u00c9\u2122yi t\u00c9\u2122min ed\u00c9\u2122r\u00c9\u2122k, sizin v\u00c9\u2122 m\u00c3\u00bc\u00c5\u0178t\u00c9\u2122ril\u00c9\u2122riniz \u00c3\u00bc\u00c3\u00a7\u00c3\u00bcn problemsiz \u00c9\u2122m\u00c9\u2122liyyatlar h\u00c9\u2122yata ke\u00c3\u00a7irm\u00c9\u2122y\u00c9\u2122 imkan verir.<\/p>\n<p><a class=\"button button--yellow custom-btn btn-7\" href=\"https:\/\/nem-mc.bettest.site\/az\/become-an-agent\/\">Daha \u00c3\u00a7ox m\u00c9\u2122lumat<\/a><\/p>\n","protected":false},"excerpt":{"rendered":"<p>bi\u00cc\u2021zi\u00cc\u2021m haqqimizda Sizin m\u00c9\u2122rc d\u00c3\u00bcnyas\u00c4\u00b1nda etibarl\u00c4\u00b1 t\u00c9\u2122r\u00c9\u2122fda\u00c5\u0178\u00c4\u00b1n\u00c4\u00b1z BetAndYou-a xo\u00c5\u0178 g\u00c9\u2122lmisiniz, Mobcash agenti kimi \u00c3\u00b6z g\u00c9\u2122lirli biznesinizi a\u00c3\u00a7a bil\u00c9\u2122c\u00c9\u2122yiniz bir yerdir. 2010-cu ild\u00c9\u2122 quruldu\u00c4\u0178umuzdan b\u00c9\u2122ri biz b\u00c3\u00bct\u00c3\u00bcn d\u00c3\u00bcnyada \u00c9\u2122m\u00c9\u2122liyyatlar\u00c4\u00b1m\u00c4\u00b1z\u00c4\u00b1 geni\u00c5\u0178l\u00c9\u2122ndirmi\u00c5\u0178ik, says\u00c4\u00b1z-hesabs\u00c4\u00b1z insanlara idman m\u00c9\u2122rcl\u00c9\u2122ri s\u00c9\u2122nayesind\u00c9\u2122 maliyy\u00c9\u2122 vasit\u00c9\u2122\u00c3\u00a7il\u00c9\u2122ri kimi i\u00c5\u0178l\u00c9\u2122m\u00c9\u2122k imkan\u00c4\u00b1 t\u00c9\u2122qdim edirik. Platformam\u00c4\u00b1z sabit v\u00c9\u2122 etibarl\u00c4\u00b1 g\u00c9\u2122lir m\u00c9\u2122nb\u00c9\u2122yi t\u00c9\u2122min ed\u00c9\u2122r\u00c9\u2122k, sizin v\u00c9\u2122 m\u00c3\u00bc\u00c5\u0178t\u00c9\u2122ril\u00c9\u2122riniz \u00c3\u00bc\u00c3\u00a7\u00c3\u00bcn problemsiz \u00c9\u2122m\u00c9\u2122liyyatlar [&hellip;]<\/p>\n","protected":false},"author":1,"featured_media":0,"parent":0,"menu_order":0,"comment_status":"closed","ping_status":"closed","template":"page-about-us.php","meta":{"footnotes":""},"class_list":["post-481","page","type-page","status-publish","hentry"],"yoast_head":"<!-- This site is optimized with the Yoast SEO plugin v23.6 - https:\/\/yoast.com\/wordpress\/plugins\/seo\/ -->\n<title>Bi\u00cc\u2021zi\u00cc\u2021m haqqimizda - mobcash<\/title>\n<meta name=\"robots\" content=\"index, follow, max-snippet:-1, max-image-preview:large, max-video-preview:-1\" \/>\n<link rel=\"canonical\" href=\"https:\/\/nem-mc.bettest.site\/az\/about-us\/\" \/>\n<meta property=\"og:locale\" content=\"az_AZ\" \/>\n<meta property=\"og:type\" content=\"article\" \/>\n<meta property=\"og:title\" content=\"Bi\u00cc\u2021zi\u00cc\u2021m haqqimizda - mobcash\" \/>\n<meta property=\"og:description\" content=\"bi\u00cc\u2021zi\u00cc\u2021m haqqimizda Sizin m\u00c9\u2122rc d\u00c3\u00bcnyas\u00c4\u00b1nda etibarl\u00c4\u00b1 t\u00c9\u2122r\u00c9\u2122fda\u00c5\u0178\u00c4\u00b1n\u00c4\u00b1z BetAndYou-a xo\u00c5\u0178 g\u00c9\u2122lmisiniz, Mobcash agenti kimi \u00c3\u00b6z g\u00c9\u2122lirli biznesinizi a\u00c3\u00a7a bil\u00c9\u2122c\u00c9\u2122yiniz bir yerdir. 2010-cu ild\u00c9\u2122 quruldu\u00c4\u0178umuzdan b\u00c9\u2122ri biz b\u00c3\u00bct\u00c3\u00bcn d\u00c3\u00bcnyada \u00c9\u2122m\u00c9\u2122liyyatlar\u00c4\u00b1m\u00c4\u00b1z\u00c4\u00b1 geni\u00c5\u0178l\u00c9\u2122ndirmi\u00c5\u0178ik, says\u00c4\u00b1z-hesabs\u00c4\u00b1z insanlara idman m\u00c9\u2122rcl\u00c9\u2122ri s\u00c9\u2122nayesind\u00c9\u2122 maliyy\u00c9\u2122 vasit\u00c9\u2122\u00c3\u00a7il\u00c9\u2122ri kimi i\u00c5\u0178l\u00c9\u2122m\u00c9\u2122k imkan\u00c4\u00b1 t\u00c9\u2122qdim edirik. Platformam\u00c4\u00b1z sabit v\u00c9\u2122 etibarl\u00c4\u00b1 g\u00c9\u2122lir m\u00c9\u2122nb\u00c9\u2122yi t\u00c9\u2122min ed\u00c9\u2122r\u00c9\u2122k, sizin v\u00c9\u2122 m\u00c3\u00bc\u00c5\u0178t\u00c9\u2122ril\u00c9\u2122riniz \u00c3\u00bc\u00c3\u00a7\u00c3\u00bcn problemsiz \u00c9\u2122m\u00c9\u2122liyyatlar [&hellip;]\" \/>\n<meta property=\"og:url\" content=\"https:\/\/nem-mc.bettest.site\/az\/about-us\/\" \/>\n<meta property=\"og:site_name\" content=\"mobcash\" \/>\n<meta property=\"article:modified_time\" content=\"2024-09-06T09:52:26+00:00\" \/>\n<meta name=\"twitter:card\" content=\"summary_large_image\" \/>\n<meta name=\"twitter:label1\" content=\"Est. reading time\" \/>\n\t<meta name=\"twitter:data1\" content=\"1 minute\" \/>\n<script type=\"application\/ld+json\" class=\"yoast-schema-graph\">{\"@context\":\"https:\/\/schema.org\",\"@graph\":[{\"@type\":\"WebPage\",\"@id\":\"https:\/\/nem-mc.bettest.site\/az\/about-us\/\",\"url\":\"https:\/\/nem-mc.bettest.site\/az\/about-us\/\",\"name\":\"Bi\u00cc\u2021zi\u00cc\u2021m haqqimizda - mobcash\",\"isPartOf\":{\"@id\":\"https:\/\/nem-mc.bettest.site\/az\/#website\"},\"datePublished\":\"2024-08-16T11:47:58+00:00\",\"dateModified\":\"2024-09-06T09:52:26+00:00\",\"breadcrumb\":{\"@id\":\"https:\/\/nem-mc.bettest.site\/az\/about-us\/#breadcrumb\"},\"inLanguage\":\"az\",\"potentialAction\":[{\"@type\":\"ReadAction\",\"target\":[\"https:\/\/nem-mc.bettest.site\/az\/about-us\/\"]}]},{\"@type\":\"BreadcrumbList\",\"@id\":\"https:\/\/nem-mc.bettest.site\/az\/about-us\/#breadcrumb\",\"itemListElement\":[{\"@type\":\"ListItem\",\"position\":1,\"name\":\"Home\",\"item\":\"https:\/\/nem-mc.bettest.site\/az\/\"},{\"@type\":\"ListItem\",\"position\":2,\"name\":\"Bi\u00cc\u2021zi\u00cc\u2021m haqqimizda\"}]},{\"@type\":\"WebSite\",\"@id\":\"https:\/\/nem-mc.bettest.site\/az\/#website\",\"url\":\"https:\/\/nem-mc.bettest.site\/az\/\",\"name\":\"mobcash\",\"description\":\"\",\"publisher\":{\"@id\":\"https:\/\/nem-mc.bettest.site\/az\/#organization\"},\"potentialAction\":[{\"@type\":\"SearchAction\",\"target\":{\"@type\":\"EntryPoint\",\"urlTemplate\":\"https:\/\/nem-mc.bettest.site\/az\/?s={search_term_string}\"},\"query-input\":{\"@type\":\"PropertyValueSpecification\",\"valueRequired\":true,\"valueName\":\"search_term_string\"}}],\"inLanguage\":\"az\"},{\"@type\":\"Organization\",\"@id\":\"https:\/\/nem-mc.bettest.site\/az\/#organization\",\"name\":\"mobcash\",\"url\":\"https:\/\/nem-mc.bettest.site\/az\/\",\"logo\":{\"@type\":\"ImageObject\",\"inLanguage\":\"az\",\"@id\":\"https:\/\/nem-mc.bettest.site\/az\/#\/schema\/logo\/image\/\",\"url\":\"https:\/\/nem-mc.bettest.site\/wp-content\/uploads\/2024\/09\/logo-best.png\",\"contentUrl\":\"https:\/\/nem-mc.bettest.site\/wp-content\/uploads\/2024\/09\/logo-best.png\",\"width\":195,\"height\":37,\"caption\":\"mobcash\"},\"image\":{\"@id\":\"https:\/\/nem-mc.bettest.site\/az\/#\/schema\/logo\/image\/\"}}]}<\/script>\n<!-- \/ Yoast SEO plugin. -->","yoast_head_json":{"title":"Bi\u00cc\u2021zi\u00cc\u2021m haqqimizda - mobcash","robots":{"index":"index","follow":"follow","max-snippet":"max-snippet:-1","max-image-preview":"max-image-preview:large","max-video-preview":"max-video-preview:-1"},"canonical":"https:\/\/nem-mc.bettest.site\/az\/about-us\/","og_locale":"az_AZ","og_type":"article","og_title":"Bi\u00cc\u2021zi\u00cc\u2021m haqqimizda - mobcash","og_description":"bi\u00cc\u2021zi\u00cc\u2021m haqqimizda Sizin m\u00c9\u2122rc d\u00c3\u00bcnyas\u00c4\u00b1nda etibarl\u00c4\u00b1 t\u00c9\u2122r\u00c9\u2122fda\u00c5\u0178\u00c4\u00b1n\u00c4\u00b1z BetAndYou-a xo\u00c5\u0178 g\u00c9\u2122lmisiniz, Mobcash agenti kimi \u00c3\u00b6z g\u00c9\u2122lirli biznesinizi a\u00c3\u00a7a bil\u00c9\u2122c\u00c9\u2122yiniz bir yerdir. 2010-cu ild\u00c9\u2122 quruldu\u00c4\u0178umuzdan b\u00c9\u2122ri biz b\u00c3\u00bct\u00c3\u00bcn d\u00c3\u00bcnyada \u00c9\u2122m\u00c9\u2122liyyatlar\u00c4\u00b1m\u00c4\u00b1z\u00c4\u00b1 geni\u00c5\u0178l\u00c9\u2122ndirmi\u00c5\u0178ik, says\u00c4\u00b1z-hesabs\u00c4\u00b1z insanlara idman m\u00c9\u2122rcl\u00c9\u2122ri s\u00c9\u2122nayesind\u00c9\u2122 maliyy\u00c9\u2122 vasit\u00c9\u2122\u00c3\u00a7il\u00c9\u2122ri kimi i\u00c5\u0178l\u00c9\u2122m\u00c9\u2122k imkan\u00c4\u00b1 t\u00c9\u2122qdim edirik. Platformam\u00c4\u00b1z sabit v\u00c9\u2122 etibarl\u00c4\u00b1 g\u00c9\u2122lir m\u00c9\u2122nb\u00c9\u2122yi t\u00c9\u2122min ed\u00c9\u2122r\u00c9\u2122k, sizin v\u00c9\u2122 m\u00c3\u00bc\u00c5\u0178t\u00c9\u2122ril\u00c9\u2122riniz \u00c3\u00bc\u00c3\u00a7\u00c3\u00bcn problemsiz \u00c9\u2122m\u00c9\u2122liyyatlar [&hellip;]","og_url":"https:\/\/nem-mc.bettest.site\/az\/about-us\/","og_site_name":"mobcash","article_modified_time":"2024-09-06T09:52:26+00:00","twitter_card":"summary_large_image","twitter_misc":{"Est. reading time":"1 minute"},"schema":{"@context":"https:\/\/schema.org","@graph":[{"@type":"WebPage","@id":"https:\/\/nem-mc.bettest.site\/az\/about-us\/","url":"https:\/\/nem-mc.bettest.site\/az\/about-us\/","name":"Bi\u00cc\u2021zi\u00cc\u2021m haqqimizda - mobcash","isPartOf":{"@id":"https:\/\/nem-mc.bettest.site\/az\/#website"},"datePublished":"2024-08-16T11:47:58+00:00","dateModified":"2024-09-06T09:52:26+00:00","breadcrumb":{"@id":"https:\/\/nem-mc.bettest.site\/az\/about-us\/#breadcrumb"},"inLanguage":"az","potentialAction":[{"@type":"ReadAction","target":["https:\/\/nem-mc.bettest.site\/az\/about-us\/"]}]},{"@type":"BreadcrumbList","@id":"https:\/\/nem-mc.bettest.site\/az\/about-us\/#breadcrumb","itemListElement":[{"@type":"ListItem","position":1,"name":"Home","item":"https:\/\/nem-mc.bettest.site\/az\/"},{"@type":"ListItem","position":2,"name":"Bi\u00cc\u2021zi\u00cc\u2021m haqqimizda"}]},{"@type":"WebSite","@id":"https:\/\/nem-mc.bettest.site\/az\/#website","url":"https:\/\/nem-mc.bettest.site\/az\/","name":"mobcash","description":"","publisher":{"@id":"https:\/\/nem-mc.bettest.site\/az\/#organization"},"potentialAction":[{"@type":"SearchAction","target":{"@type":"EntryPoint","urlTemplate":"https:\/\/nem-mc.bettest.site\/az\/?s={search_term_string}"},"query-input":{"@type":"PropertyValueSpecification","valueRequired":true,"valueName":"search_term_string"}}],"inLanguage":"az"},{"@type":"Organization","@id":"https:\/\/nem-mc.bettest.site\/az\/#organization","name":"mobcash","url":"https:\/\/nem-mc.bettest.site\/az\/","logo":{"@type":"ImageObject","inLanguage":"az","@id":"https:\/\/nem-mc.bettest.site\/az\/#\/schema\/logo\/image\/","url":"https:\/\/nem-mc.bettest.site\/wp-content\/uploads\/2024\/09\/logo-best.png","contentUrl":"https:\/\/nem-mc.bettest.site\/wp-content\/uploads\/2024\/09\/logo-best.png","width":195,"height":37,"caption":"mobcash"},"image":{"@id":"https:\/\/nem-mc.bettest.site\/az\/#\/schema\/logo\/image\/"}}]}},"_links":{"self":[{"href":"https:\/\/nem-mc.bettest.site\/az\/wp-json\/wp\/v2\/pages\/481"}],"collection":[{"href":"https:\/\/nem-mc.bettest.site\/az\/wp-json\/wp\/v2\/pages"}],"about":[{"href":"https:\/\/nem-mc.bettest.site\/az\/wp-json\/wp\/v2\/types\/page"}],"author":[{"embeddable":true,"href":"https:\/\/nem-mc.bettest.site\/az\/wp-json\/wp\/v2\/users\/1"}],"replies":[{"embeddable":true,"href":"https:\/\/nem-mc.bettest.site\/az\/wp-json\/wp\/v2\/comments?post=481"}],"version-history":[{"count":6,"href":"https:\/\/nem-mc.bettest.site\/az\/wp-json\/wp\/v2\/pages\/481\/revisions"}],"predecessor-version":[{"id":570,"href":"https:\/\/nem-mc.bettest.site\/az\/wp-json\/wp\/v2\/pages\/481\/revisions\/570"}],"wp:attachment":[{"href":"https:\/\/nem-mc.bettest.site\/az\/wp-json\/wp\/v2\/media?parent=481"}],"curies":[{"name":"wp","href":"https:\/\/api.w.org\/{rel}","templated":true}]}}