{"id":408,"date":"2024-08-15T15:45:41","date_gmt":"2024-08-15T15:45:41","guid":{"rendered":"https:\/\/nem-mc.bettest.site\/%e0%a5%a4-%e0%a4%90%e0%a4%b8%e0%a5%87\/"},"modified":"2024-09-06T09:34:12","modified_gmt":"2024-09-06T09:34:12","slug":"%e0%a5%a4-%e0%a4%90%e0%a4%b8%e0%a5%87","status":"publish","type":"page","link":"https:\/\/nem-mc.bettest.site\/az\/","title":{"rendered":"\u00e0\u00a5\u00a4 \u00e0\u00a4\u0090\u00e0\u00a4\u00b8\u00e0\u00a5\u2021"},"content":{"rendered":"<h1>onlayn qazan<span style=\"color: #ffbc00;\"> betandyou agenti\u00cc\u2021<\/span><\/h1>\n<p>Bu g\u00c3\u00bcnd\u00c9\u2122n yeni mac\u00c9\u2122ran\u00c4\u00b1za ba\u00c5\u0178lay\u00c4\u00b1n!<\/p>\n<p><a class=\"button button--yellow custom-btn btn-7\" href=\"#become\">Agent olmaq<\/a><\/p>\n<p class=\"font\">Betandyou il\u00c9\u2122 onlayn qazanma imkanlar\u00c4\u00b1n\u00c4\u00b1n d\u00c3\u00bcnyas\u00c4\u00b1n\u00c4\u00b1 k\u00c9\u2122\u00c5\u0178f edin. Bir agent kimi qazan\u00c4\u00b1n, inki\u00c5\u0178af edin v\u00c9\u2122 u\u00c4\u0178ur qazan\u00c4\u00b1n. \u00c4\u00b0st\u00c9\u2122r oyun\u00c3\u00a7ularla \u00c9\u2122m\u00c9\u2122liyyatlar apar\u00c4\u00b1rs\u00c4\u00b1n\u00c4\u00b1z, ist\u00c9\u2122rs\u00c9\u2122 d\u00c9\u2122 \u00c3\u00b6z \u00c5\u0178\u00c9\u2122b\u00c9\u2122k\u00c9\u2122nizi qurursunuz, bizim platformam\u00c4\u00b1z maliyy\u00c9\u2122 m\u00c3\u00bcst\u00c9\u2122qilliyin\u00c9\u2122 ged\u00c9\u2122n yolda siz\u00c9\u2122 laz\u00c4\u00b1m olan al\u00c9\u2122tl\u00c9\u2122ri v\u00c9\u2122 d\u00c9\u2122st\u00c9\u2122yi t\u00c9\u2122min edir.<\/p>\n","protected":false},"excerpt":{"rendered":"<p>onlayn qazan betandyou agenti\u00cc\u2021 Bu g\u00c3\u00bcnd\u00c9\u2122n yeni mac\u00c9\u2122ran\u00c4\u00b1za ba\u00c5\u0178lay\u00c4\u00b1n! Agent olmaq Betandyou il\u00c9\u2122 onlayn qazanma imkanlar\u00c4\u00b1n\u00c4\u00b1n d\u00c3\u00bcnyas\u00c4\u00b1n\u00c4\u00b1 k\u00c9\u2122\u00c5\u0178f edin. Bir agent kimi qazan\u00c4\u00b1n, inki\u00c5\u0178af edin v\u00c9\u2122 u\u00c4\u0178ur qazan\u00c4\u00b1n. \u00c4\u00b0st\u00c9\u2122r oyun\u00c3\u00a7ularla \u00c9\u2122m\u00c9\u2122liyyatlar apar\u00c4\u00b1rs\u00c4\u00b1n\u00c4\u00b1z, ist\u00c9\u2122rs\u00c9\u2122 d\u00c9\u2122 \u00c3\u00b6z \u00c5\u0178\u00c9\u2122b\u00c9\u2122k\u00c9\u2122nizi qurursunuz, bizim platformam\u00c4\u00b1z maliyy\u00c9\u2122 m\u00c3\u00bcst\u00c9\u2122qilliyin\u00c9\u2122 ged\u00c9\u2122n yolda siz\u00c9\u2122 laz\u00c4\u00b1m olan al\u00c9\u2122tl\u00c9\u2122ri v\u00c9\u2122 d\u00c9\u2122st\u00c9\u2122yi t\u00c9\u2122min edir.<\/p>\n","protected":false},"author":1,"featured_media":0,"parent":0,"menu_order":0,"comment_status":"closed","ping_status":"closed","template":"","meta":{"footnotes":""},"class_list":["post-408","page","type-page","status-publish","hentry"],"yoast_head":"<!-- This site is optimized with the Yoast SEO plugin v23.6 - https:\/\/yoast.com\/wordpress\/plugins\/seo\/ -->\n<title>\u00e0\u00a5\u00a4 \u00e0\u00a4\u0090\u00e0\u00a4\u00b8\u00e0\u00a5\u2021 - mobcash<\/title>\n<meta name=\"robots\" content=\"index, follow, max-snippet:-1, max-image-preview:large, max-video-preview:-1\" \/>\n<link rel=\"canonical\" href=\"https:\/\/nem-mc.bettest.site\/az\/\" \/>\n<meta property=\"og:locale\" content=\"az_AZ\" \/>\n<meta property=\"og:type\" content=\"article\" \/>\n<meta property=\"og:title\" content=\"\u00e0\u00a5\u00a4 \u00e0\u00a4\u0090\u00e0\u00a4\u00b8\u00e0\u00a5\u2021 - mobcash\" \/>\n<meta property=\"og:description\" content=\"onlayn qazan betandyou agenti\u00cc\u2021 Bu g\u00c3\u00bcnd\u00c9\u2122n yeni mac\u00c9\u2122ran\u00c4\u00b1za ba\u00c5\u0178lay\u00c4\u00b1n! Agent olmaq Betandyou il\u00c9\u2122 onlayn qazanma imkanlar\u00c4\u00b1n\u00c4\u00b1n d\u00c3\u00bcnyas\u00c4\u00b1n\u00c4\u00b1 k\u00c9\u2122\u00c5\u0178f edin. Bir agent kimi qazan\u00c4\u00b1n, inki\u00c5\u0178af edin v\u00c9\u2122 u\u00c4\u0178ur qazan\u00c4\u00b1n. \u00c4\u00b0st\u00c9\u2122r oyun\u00c3\u00a7ularla \u00c9\u2122m\u00c9\u2122liyyatlar apar\u00c4\u00b1rs\u00c4\u00b1n\u00c4\u00b1z, ist\u00c9\u2122rs\u00c9\u2122 d\u00c9\u2122 \u00c3\u00b6z \u00c5\u0178\u00c9\u2122b\u00c9\u2122k\u00c9\u2122nizi qurursunuz, bizim platformam\u00c4\u00b1z maliyy\u00c9\u2122 m\u00c3\u00bcst\u00c9\u2122qilliyin\u00c9\u2122 ged\u00c9\u2122n yolda siz\u00c9\u2122 laz\u00c4\u00b1m olan al\u00c9\u2122tl\u00c9\u2122ri v\u00c9\u2122 d\u00c9\u2122st\u00c9\u2122yi t\u00c9\u2122min edir.\" \/>\n<meta property=\"og:url\" content=\"https:\/\/nem-mc.bettest.site\/az\/\" \/>\n<meta property=\"og:site_name\" content=\"mobcash\" \/>\n<meta property=\"article:modified_time\" content=\"2024-09-06T09:34:12+00:00\" \/>\n<meta name=\"twitter:card\" content=\"summary_large_image\" \/>\n<script type=\"application\/ld+json\" class=\"yoast-schema-graph\">{\"@context\":\"https:\/\/schema.org\",\"@graph\":[{\"@type\":\"WebPage\",\"@id\":\"https:\/\/nem-mc.bettest.site\/az\/\",\"url\":\"https:\/\/nem-mc.bettest.site\/az\/\",\"name\":\"\u00e0\u00a5\u00a4 \u00e0\u00a4\u0090\u00e0\u00a4\u00b8\u00e0\u00a5\u2021 - mobcash\",\"isPartOf\":{\"@id\":\"https:\/\/nem-mc.bettest.site\/az\/#website\"},\"datePublished\":\"2024-08-15T15:45:41+00:00\",\"dateModified\":\"2024-09-06T09:34:12+00:00\",\"breadcrumb\":{\"@id\":\"https:\/\/nem-mc.bettest.site\/az\/#breadcrumb\"},\"inLanguage\":\"az\",\"potentialAction\":[{\"@type\":\"ReadAction\",\"target\":[\"https:\/\/nem-mc.bettest.site\/az\/\"]}]},{\"@type\":\"BreadcrumbList\",\"@id\":\"https:\/\/nem-mc.bettest.site\/az\/#breadcrumb\",\"itemListElement\":[{\"@type\":\"ListItem\",\"position\":1,\"name\":\"Home\",\"item\":\"https:\/\/nem-mc.bettest.site\/az\/\"},{\"@type\":\"ListItem\",\"position\":2,\"name\":\"\u00e0\u00a5\u00a4 \u00e0\u00a4\u0090\u00e0\u00a4\u00b8\u00e0\u00a5\u2021\"}]},{\"@type\":\"WebSite\",\"@id\":\"https:\/\/nem-mc.bettest.site\/az\/#website\",\"url\":\"https:\/\/nem-mc.bettest.site\/az\/\",\"name\":\"mobcash\",\"description\":\"\",\"publisher\":{\"@id\":\"https:\/\/nem-mc.bettest.site\/az\/#organization\"},\"potentialAction\":[{\"@type\":\"SearchAction\",\"target\":{\"@type\":\"EntryPoint\",\"urlTemplate\":\"https:\/\/nem-mc.bettest.site\/az\/?s={search_term_string}\"},\"query-input\":{\"@type\":\"PropertyValueSpecification\",\"valueRequired\":true,\"valueName\":\"search_term_string\"}}],\"inLanguage\":\"az\"},{\"@type\":\"Organization\",\"@id\":\"https:\/\/nem-mc.bettest.site\/az\/#organization\",\"name\":\"mobcash\",\"url\":\"https:\/\/nem-mc.bettest.site\/az\/\",\"logo\":{\"@type\":\"ImageObject\",\"inLanguage\":\"az\",\"@id\":\"https:\/\/nem-mc.bettest.site\/az\/#\/schema\/logo\/image\/\",\"url\":\"https:\/\/nem-mc.bettest.site\/wp-content\/uploads\/2024\/09\/logo-best.png\",\"contentUrl\":\"https:\/\/nem-mc.bettest.site\/wp-content\/uploads\/2024\/09\/logo-best.png\",\"width\":195,\"height\":37,\"caption\":\"mobcash\"},\"image\":{\"@id\":\"https:\/\/nem-mc.bettest.site\/az\/#\/schema\/logo\/image\/\"}}]}<\/script>\n<!-- \/ Yoast SEO plugin. -->","yoast_head_json":{"title":"\u00e0\u00a5\u00a4 \u00e0\u00a4\u0090\u00e0\u00a4\u00b8\u00e0\u00a5\u2021 - mobcash","robots":{"index":"index","follow":"follow","max-snippet":"max-snippet:-1","max-image-preview":"max-image-preview:large","max-video-preview":"max-video-preview:-1"},"canonical":"https:\/\/nem-mc.bettest.site\/az\/","og_locale":"az_AZ","og_type":"article","og_title":"\u00e0\u00a5\u00a4 \u00e0\u00a4\u0090\u00e0\u00a4\u00b8\u00e0\u00a5\u2021 - mobcash","og_description":"onlayn qazan betandyou agenti\u00cc\u2021 Bu g\u00c3\u00bcnd\u00c9\u2122n yeni mac\u00c9\u2122ran\u00c4\u00b1za ba\u00c5\u0178lay\u00c4\u00b1n! Agent olmaq Betandyou il\u00c9\u2122 onlayn qazanma imkanlar\u00c4\u00b1n\u00c4\u00b1n d\u00c3\u00bcnyas\u00c4\u00b1n\u00c4\u00b1 k\u00c9\u2122\u00c5\u0178f edin. Bir agent kimi qazan\u00c4\u00b1n, inki\u00c5\u0178af edin v\u00c9\u2122 u\u00c4\u0178ur qazan\u00c4\u00b1n. \u00c4\u00b0st\u00c9\u2122r oyun\u00c3\u00a7ularla \u00c9\u2122m\u00c9\u2122liyyatlar apar\u00c4\u00b1rs\u00c4\u00b1n\u00c4\u00b1z, ist\u00c9\u2122rs\u00c9\u2122 d\u00c9\u2122 \u00c3\u00b6z \u00c5\u0178\u00c9\u2122b\u00c9\u2122k\u00c9\u2122nizi qurursunuz, bizim platformam\u00c4\u00b1z maliyy\u00c9\u2122 m\u00c3\u00bcst\u00c9\u2122qilliyin\u00c9\u2122 ged\u00c9\u2122n yolda siz\u00c9\u2122 laz\u00c4\u00b1m olan al\u00c9\u2122tl\u00c9\u2122ri v\u00c9\u2122 d\u00c9\u2122st\u00c9\u2122yi t\u00c9\u2122min edir.","og_url":"https:\/\/nem-mc.bettest.site\/az\/","og_site_name":"mobcash","article_modified_time":"2024-09-06T09:34:12+00:00","twitter_card":"summary_large_image","schema":{"@context":"https:\/\/schema.org","@graph":[{"@type":"WebPage","@id":"https:\/\/nem-mc.bettest.site\/az\/","url":"https:\/\/nem-mc.bettest.site\/az\/","name":"\u00e0\u00a5\u00a4 \u00e0\u00a4\u0090\u00e0\u00a4\u00b8\u00e0\u00a5\u2021 - mobcash","isPartOf":{"@id":"https:\/\/nem-mc.bettest.site\/az\/#website"},"datePublished":"2024-08-15T15:45:41+00:00","dateModified":"2024-09-06T09:34:12+00:00","breadcrumb":{"@id":"https:\/\/nem-mc.bettest.site\/az\/#breadcrumb"},"inLanguage":"az","potentialAction":[{"@type":"ReadAction","target":["https:\/\/nem-mc.bettest.site\/az\/"]}]},{"@type":"BreadcrumbList","@id":"https:\/\/nem-mc.bettest.site\/az\/#breadcrumb","itemListElement":[{"@type":"ListItem","position":1,"name":"Home","item":"https:\/\/nem-mc.bettest.site\/az\/"},{"@type":"ListItem","position":2,"name":"\u00e0\u00a5\u00a4 \u00e0\u00a4\u0090\u00e0\u00a4\u00b8\u00e0\u00a5\u2021"}]},{"@type":"WebSite","@id":"https:\/\/nem-mc.bettest.site\/az\/#website","url":"https:\/\/nem-mc.bettest.site\/az\/","name":"mobcash","description":"","publisher":{"@id":"https:\/\/nem-mc.bettest.site\/az\/#organization"},"potentialAction":[{"@type":"SearchAction","target":{"@type":"EntryPoint","urlTemplate":"https:\/\/nem-mc.bettest.site\/az\/?s={search_term_string}"},"query-input":{"@type":"PropertyValueSpecification","valueRequired":true,"valueName":"search_term_string"}}],"inLanguage":"az"},{"@type":"Organization","@id":"https:\/\/nem-mc.bettest.site\/az\/#organization","name":"mobcash","url":"https:\/\/nem-mc.bettest.site\/az\/","logo":{"@type":"ImageObject","inLanguage":"az","@id":"https:\/\/nem-mc.bettest.site\/az\/#\/schema\/logo\/image\/","url":"https:\/\/nem-mc.bettest.site\/wp-content\/uploads\/2024\/09\/logo-best.png","contentUrl":"https:\/\/nem-mc.bettest.site\/wp-content\/uploads\/2024\/09\/logo-best.png","width":195,"height":37,"caption":"mobcash"},"image":{"@id":"https:\/\/nem-mc.bettest.site\/az\/#\/schema\/logo\/image\/"}}]}},"_links":{"self":[{"href":"https:\/\/nem-mc.bettest.site\/az\/wp-json\/wp\/v2\/pages\/408"}],"collection":[{"href":"https:\/\/nem-mc.bettest.site\/az\/wp-json\/wp\/v2\/pages"}],"about":[{"href":"https:\/\/nem-mc.bettest.site\/az\/wp-json\/wp\/v2\/types\/page"}],"author":[{"embeddable":true,"href":"https:\/\/nem-mc.bettest.site\/az\/wp-json\/wp\/v2\/users\/1"}],"replies":[{"embeddable":true,"href":"https:\/\/nem-mc.bettest.site\/az\/wp-json\/wp\/v2\/comments?post=408"}],"version-history":[{"count":3,"href":"https:\/\/nem-mc.bettest.site\/az\/wp-json\/wp\/v2\/pages\/408\/revisions"}],"predecessor-version":[{"id":559,"href":"https:\/\/nem-mc.bettest.site\/az\/wp-json\/wp\/v2\/pages\/408\/revisions\/559"}],"wp:attachment":[{"href":"https:\/\/nem-mc.bettest.site\/az\/wp-json\/wp\/v2\/media?parent=408"}],"curies":[{"name":"wp","href":"https:\/\/api.w.org\/{rel}","templated":true}]}}