{"id":622,"date":"2024-08-15T15:45:41","date_gmt":"2024-08-15T15:45:41","guid":{"rendered":"https:\/\/nem-mc.bettest.site\/?page_id=622"},"modified":"2024-09-13T10:23:10","modified_gmt":"2024-09-13T10:23:10","slug":"622-2","status":"publish","type":"page","link":"https:\/\/nem-mc.bettest.site\/ar\/","title":{"rendered":"\u00d8\u00a7\u00d9\u201e\u00d8\u00b1\u00d8\u00a6\u00d9\u0160\u00d8\u00b3\u00d9\u0160\u00d8\u00a9"},"content":{"rendered":"<h1>\u00d8\u00a7\u00d9\u0192\u00d8\u00b3\u00d8\u00a8 \u00d8\u00b9\u00d8\u00a8\u00d8\u00b1 \u00d8\u00a7\u00d9\u201e\u00d8\u00a5\u00d9\u2020\u00d8\u00aa\u00d8\u00b1\u00d9\u2020\u00d8\u00aa \u00d8\u00a8\u00d8\u00b5\u00d9\u0081\u00d8\u00aa\u00d9\u0192 <span style=\"color: #ffbc00;\">\u00d9\u02c6\u00d9\u0192\u00d9\u0160\u00d9\u201e\u00d9\u2039\u00d8\u00a7 \u00d9\u201e\u00d9\u20ac BETANDYOU<\/span><\/h1>\n<p><span style=\"vertical-align: inherit;\"><span style=\"vertical-align: inherit;\"><span style=\"vertical-align: inherit;\"><span style=\"vertical-align: inherit;\">\u00d8\u00a7\u00d8\u00a8\u00d8\u00af\u00d8\u00a3 \u00d8\u00b1\u00d8\u00ad\u00d9\u201e\u00d8\u00aa\u00d9\u0192 \u00d8\u00a7\u00d9\u201e\u00d9\u0160\u00d9\u02c6\u00d9\u2026!<\/span><\/span><\/span><\/span><\/p>\n<p><a class=\"button button--yellow custom-btn btn-7\" href=\"https:\/\/nem-mc.bettest.site\/become-an-agent\/\"><span style=\"vertical-align: inherit;\"><span style=\"vertical-align: inherit;\">\u00d9\u0192\u00d9\u2020 \u00d9\u02c6\u00d9\u0192\u00d9\u0160\u00d9\u201e\u00d9\u2039\u00d8\u00a7<\/span><\/span><\/a><\/p>\n<p class=\"font\">\u00d8\u00a7\u00d9\u0192\u00d8\u00aa\u00d8\u00b4\u00d9\u0081 \u00d9\u0081\u00d8\u00b1\u00d8\u00b5\u00d9\u2039\u00d8\u00a7 \u00d9\u0192\u00d8\u00ab\u00d9\u0160\u00d8\u00b1\u00d8\u00a9 \u00d8\u00ac\u00d8\u00af\u00d9\u2039\u00d8\u00a7 \u00d9\u201e\u00d9\u201e\u00d9\u0192\u00d8\u00b3\u00d8\u00a8 \u00d8\u00b9\u00d8\u00a8\u00d8\u00b1 \u00d8\u00a7\u00d9\u201e\u00d8\u00a5\u00d9\u2020\u00d8\u00aa\u00d8\u00b1\u00d9\u2020\u00d8\u00aa \u00d9\u2026\u00d8\u00b9 Betandyou. \u00d8\u00a7\u00d9\u0192\u00d8\u00b3\u00d8\u00a8 \u00d9\u02c6\u00d8\u00aa\u00d9\u02c6\u00d8\u00b3\u00d8\u00b9 \u00d9\u02c6\u00d8\u00a7\u00d9\u2020\u00d8\u00ac\u00d8\u00ad \u00d8\u00a8\u00d8\u00b5\u00d9\u0081\u00d8\u00aa\u00d9\u0192 \u00d9\u02c6\u00d9\u0192\u00d9\u0160\u00d9\u201e\u00d9\u2039\u00d8\u00a7. \u00d8\u00b3\u00d9\u02c6\u00d8\u00a7\u00d8\u00a1 \u00d8\u00a7\u00d8\u00ae\u00d8\u00aa\u00d8\u00b1\u00d8\u00aa \u00d8\u00a3\u00d9\u2020 \u00d8\u00aa\u00d8\u00aa\u00d9\u02c6\u00d9\u201e\u00d9\u2030 \u00d8\u00a3\u00d9\u2026\u00d8\u00b1 \u00d9\u2026\u00d8\u00b9\u00d8\u00a7\u00d9\u2026\u00d9\u201e\u00d8\u00a7\u00d8\u00aa \u00d8\u00a7\u00d9\u201e\u00d9\u201e\u00d8\u00a7\u00d8\u00b9\u00d8\u00a8\u00d9\u0160\u00d9\u2020 \u00d8\u00a7\u00d9\u201e\u00d9\u2026\u00d8\u00a7\u00d9\u201e\u00d9\u0160\u00d8\u00a9 \u00d8\u00a3\u00d9\u02c6 \u00d8\u00a8\u00d9\u2020\u00d8\u00a7\u00d8\u00a1 \u00d8\u00b4\u00d8\u00a8\u00d9\u0192\u00d8\u00aa\u00d9\u0192 \u00d8\u00a7\u00d9\u201e\u00d8\u00ae\u00d8\u00a7\u00d8\u00b5\u00d8\u00a9\u00d8\u0152 \u00d8\u00aa\u00d9\u201a\u00d8\u00af\u00d9\u2018\u00d9\u2026 \u00d9\u2026\u00d9\u2020\u00d8\u00b5\u00d8\u00aa\u00d9\u2020\u00d8\u00a7 \u00d8\u00a7\u00d9\u201e\u00d8\u00a3\u00d8\u00af\u00d9\u02c6\u00d8\u00a7\u00d8\u00aa \u00d9\u02c6\u00d8\u00a7\u00d9\u201e\u00d8\u00af\u00d8\u00b9\u00d9\u2026 \u00d8\u00a7\u00d9\u201e\u00d8\u00b0\u00d9\u0160 \u00d8\u00aa\u00d8\u00ad\u00d8\u00aa\u00d8\u00a7\u00d8\u00ac \u00d8\u00a5\u00d9\u201e\u00d9\u0160\u00d9\u2021 \u00d9\u201e\u00d8\u00b1\u00d8\u00ad\u00d9\u201e\u00d8\u00aa\u00d9\u0192 \u00d9\u0081\u00d9\u0160 \u00d8\u00b7\u00d8\u00b1\u00d9\u0160\u00d9\u201a \u00d8\u00aa\u00d8\u00ad\u00d9\u201a\u00d9\u0160\u00d9\u201a \u00d8\u00a7\u00d9\u201e\u00d8\u00a7\u00d8\u00b3\u00d8\u00aa\u00d9\u201a\u00d9\u201e\u00d8\u00a7\u00d9\u201e \u00d8\u00a7\u00d9\u201e\u00d9\u2026\u00d8\u00a7\u00d9\u201e\u00d9\u0160.<\/p>\n","protected":false},"excerpt":{"rendered":"<p>\u00d8\u00a7\u00d9\u0192\u00d8\u00b3\u00d8\u00a8 \u00d8\u00b9\u00d8\u00a8\u00d8\u00b1 \u00d8\u00a7\u00d9\u201e\u00d8\u00a5\u00d9\u2020\u00d8\u00aa\u00d8\u00b1\u00d9\u2020\u00d8\u00aa \u00d8\u00a8\u00d8\u00b5\u00d9\u0081\u00d8\u00aa\u00d9\u0192 \u00d9\u02c6\u00d9\u0192\u00d9\u0160\u00d9\u201e\u00d9\u2039\u00d8\u00a7 \u00d9\u201e\u00d9\u20ac BETANDYOU \u00d8\u00a7\u00d8\u00a8\u00d8\u00af\u00d8\u00a3 \u00d8\u00b1\u00d8\u00ad\u00d9\u201e\u00d8\u00aa\u00d9\u0192 \u00d8\u00a7\u00d9\u201e\u00d9\u0160\u00d9\u02c6\u00d9\u2026! \u00d9\u0192\u00d9\u2020 \u00d9\u02c6\u00d9\u0192\u00d9\u0160\u00d9\u201e\u00d9\u2039\u00d8\u00a7 \u00d8\u00a7\u00d9\u0192\u00d8\u00aa\u00d8\u00b4\u00d9\u0081 \u00d9\u0081\u00d8\u00b1\u00d8\u00b5\u00d9\u2039\u00d8\u00a7 \u00d9\u0192\u00d8\u00ab\u00d9\u0160\u00d8\u00b1\u00d8\u00a9 \u00d8\u00ac\u00d8\u00af\u00d9\u2039\u00d8\u00a7 \u00d9\u201e\u00d9\u201e\u00d9\u0192\u00d8\u00b3\u00d8\u00a8 \u00d8\u00b9\u00d8\u00a8\u00d8\u00b1 \u00d8\u00a7\u00d9\u201e\u00d8\u00a5\u00d9\u2020\u00d8\u00aa\u00d8\u00b1\u00d9\u2020\u00d8\u00aa \u00d9\u2026\u00d8\u00b9 Betandyou. \u00d8\u00a7\u00d9\u0192\u00d8\u00b3\u00d8\u00a8 \u00d9\u02c6\u00d8\u00aa\u00d9\u02c6\u00d8\u00b3\u00d8\u00b9 \u00d9\u02c6\u00d8\u00a7\u00d9\u2020\u00d8\u00ac\u00d8\u00ad \u00d8\u00a8\u00d8\u00b5\u00d9\u0081\u00d8\u00aa\u00d9\u0192 \u00d9\u02c6\u00d9\u0192\u00d9\u0160\u00d9\u201e\u00d9\u2039\u00d8\u00a7. \u00d8\u00b3\u00d9\u02c6\u00d8\u00a7\u00d8\u00a1 \u00d8\u00a7\u00d8\u00ae\u00d8\u00aa\u00d8\u00b1\u00d8\u00aa \u00d8\u00a3\u00d9\u2020 \u00d8\u00aa\u00d8\u00aa\u00d9\u02c6\u00d9\u201e\u00d9\u2030 \u00d8\u00a3\u00d9\u2026\u00d8\u00b1 \u00d9\u2026\u00d8\u00b9\u00d8\u00a7\u00d9\u2026\u00d9\u201e\u00d8\u00a7\u00d8\u00aa \u00d8\u00a7\u00d9\u201e\u00d9\u201e\u00d8\u00a7\u00d8\u00b9\u00d8\u00a8\u00d9\u0160\u00d9\u2020 \u00d8\u00a7\u00d9\u201e\u00d9\u2026\u00d8\u00a7\u00d9\u201e\u00d9\u0160\u00d8\u00a9 \u00d8\u00a3\u00d9\u02c6 \u00d8\u00a8\u00d9\u2020\u00d8\u00a7\u00d8\u00a1 \u00d8\u00b4\u00d8\u00a8\u00d9\u0192\u00d8\u00aa\u00d9\u0192 \u00d8\u00a7\u00d9\u201e\u00d8\u00ae\u00d8\u00a7\u00d8\u00b5\u00d8\u00a9\u00d8\u0152 \u00d8\u00aa\u00d9\u201a\u00d8\u00af\u00d9\u2018\u00d9\u2026 \u00d9\u2026\u00d9\u2020\u00d8\u00b5\u00d8\u00aa\u00d9\u2020\u00d8\u00a7 \u00d8\u00a7\u00d9\u201e\u00d8\u00a3\u00d8\u00af\u00d9\u02c6\u00d8\u00a7\u00d8\u00aa \u00d9\u02c6\u00d8\u00a7\u00d9\u201e\u00d8\u00af\u00d8\u00b9\u00d9\u2026 \u00d8\u00a7\u00d9\u201e\u00d8\u00b0\u00d9\u0160 \u00d8\u00aa\u00d8\u00ad\u00d8\u00aa\u00d8\u00a7\u00d8\u00ac \u00d8\u00a5\u00d9\u201e\u00d9\u0160\u00d9\u2021 \u00d9\u201e\u00d8\u00b1\u00d8\u00ad\u00d9\u201e\u00d8\u00aa\u00d9\u0192 \u00d9\u0081\u00d9\u0160 \u00d8\u00b7\u00d8\u00b1\u00d9\u0160\u00d9\u201a \u00d8\u00aa\u00d8\u00ad\u00d9\u201a\u00d9\u0160\u00d9\u201a \u00d8\u00a7\u00d9\u201e\u00d8\u00a7\u00d8\u00b3\u00d8\u00aa\u00d9\u201a\u00d9\u201e\u00d8\u00a7\u00d9\u201e \u00d8\u00a7\u00d9\u201e\u00d9\u2026\u00d8\u00a7\u00d9\u201e\u00d9\u0160.<\/p>\n","protected":false},"author":2,"featured_media":0,"parent":0,"menu_order":0,"comment_status":"closed","ping_status":"closed","template":"","meta":{"footnotes":""},"class_list":["post-622","page","type-page","status-publish","hentry"],"yoast_head":"<!-- This site is optimized with the Yoast SEO plugin v23.6 - https:\/\/yoast.com\/wordpress\/plugins\/seo\/ -->\n<title>\u00d8\u00a7\u00d9\u201e\u00d8\u00b1\u00d8\u00a6\u00d9\u0160\u00d8\u00b3\u00d9\u0160\u00d8\u00a9 - mobcash<\/title>\n<meta name=\"robots\" content=\"index, follow, max-snippet:-1, max-image-preview:large, max-video-preview:-1\" \/>\n<link rel=\"canonical\" href=\"https:\/\/nem-mc.bettest.site\/ar\/\" \/>\n<meta property=\"og:locale\" content=\"ar_AR\" \/>\n<meta property=\"og:type\" content=\"article\" \/>\n<meta property=\"og:title\" content=\"\u00d8\u00a7\u00d9\u201e\u00d8\u00b1\u00d8\u00a6\u00d9\u0160\u00d8\u00b3\u00d9\u0160\u00d8\u00a9 - mobcash\" \/>\n<meta property=\"og:description\" content=\"\u00d8\u00a7\u00d9\u0192\u00d8\u00b3\u00d8\u00a8 \u00d8\u00b9\u00d8\u00a8\u00d8\u00b1 \u00d8\u00a7\u00d9\u201e\u00d8\u00a5\u00d9\u2020\u00d8\u00aa\u00d8\u00b1\u00d9\u2020\u00d8\u00aa \u00d8\u00a8\u00d8\u00b5\u00d9\u0081\u00d8\u00aa\u00d9\u0192 \u00d9\u02c6\u00d9\u0192\u00d9\u0160\u00d9\u201e\u00d9\u2039\u00d8\u00a7 \u00d9\u201e\u00d9\u20ac BETANDYOU \u00d8\u00a7\u00d8\u00a8\u00d8\u00af\u00d8\u00a3 \u00d8\u00b1\u00d8\u00ad\u00d9\u201e\u00d8\u00aa\u00d9\u0192 \u00d8\u00a7\u00d9\u201e\u00d9\u0160\u00d9\u02c6\u00d9\u2026! \u00d9\u0192\u00d9\u2020 \u00d9\u02c6\u00d9\u0192\u00d9\u0160\u00d9\u201e\u00d9\u2039\u00d8\u00a7 \u00d8\u00a7\u00d9\u0192\u00d8\u00aa\u00d8\u00b4\u00d9\u0081 \u00d9\u0081\u00d8\u00b1\u00d8\u00b5\u00d9\u2039\u00d8\u00a7 \u00d9\u0192\u00d8\u00ab\u00d9\u0160\u00d8\u00b1\u00d8\u00a9 \u00d8\u00ac\u00d8\u00af\u00d9\u2039\u00d8\u00a7 \u00d9\u201e\u00d9\u201e\u00d9\u0192\u00d8\u00b3\u00d8\u00a8 \u00d8\u00b9\u00d8\u00a8\u00d8\u00b1 \u00d8\u00a7\u00d9\u201e\u00d8\u00a5\u00d9\u2020\u00d8\u00aa\u00d8\u00b1\u00d9\u2020\u00d8\u00aa \u00d9\u2026\u00d8\u00b9 Betandyou. \u00d8\u00a7\u00d9\u0192\u00d8\u00b3\u00d8\u00a8 \u00d9\u02c6\u00d8\u00aa\u00d9\u02c6\u00d8\u00b3\u00d8\u00b9 \u00d9\u02c6\u00d8\u00a7\u00d9\u2020\u00d8\u00ac\u00d8\u00ad \u00d8\u00a8\u00d8\u00b5\u00d9\u0081\u00d8\u00aa\u00d9\u0192 \u00d9\u02c6\u00d9\u0192\u00d9\u0160\u00d9\u201e\u00d9\u2039\u00d8\u00a7. \u00d8\u00b3\u00d9\u02c6\u00d8\u00a7\u00d8\u00a1 \u00d8\u00a7\u00d8\u00ae\u00d8\u00aa\u00d8\u00b1\u00d8\u00aa \u00d8\u00a3\u00d9\u2020 \u00d8\u00aa\u00d8\u00aa\u00d9\u02c6\u00d9\u201e\u00d9\u2030 \u00d8\u00a3\u00d9\u2026\u00d8\u00b1 \u00d9\u2026\u00d8\u00b9\u00d8\u00a7\u00d9\u2026\u00d9\u201e\u00d8\u00a7\u00d8\u00aa \u00d8\u00a7\u00d9\u201e\u00d9\u201e\u00d8\u00a7\u00d8\u00b9\u00d8\u00a8\u00d9\u0160\u00d9\u2020 \u00d8\u00a7\u00d9\u201e\u00d9\u2026\u00d8\u00a7\u00d9\u201e\u00d9\u0160\u00d8\u00a9 \u00d8\u00a3\u00d9\u02c6 \u00d8\u00a8\u00d9\u2020\u00d8\u00a7\u00d8\u00a1 \u00d8\u00b4\u00d8\u00a8\u00d9\u0192\u00d8\u00aa\u00d9\u0192 \u00d8\u00a7\u00d9\u201e\u00d8\u00ae\u00d8\u00a7\u00d8\u00b5\u00d8\u00a9\u00d8\u0152 \u00d8\u00aa\u00d9\u201a\u00d8\u00af\u00d9\u2018\u00d9\u2026 \u00d9\u2026\u00d9\u2020\u00d8\u00b5\u00d8\u00aa\u00d9\u2020\u00d8\u00a7 \u00d8\u00a7\u00d9\u201e\u00d8\u00a3\u00d8\u00af\u00d9\u02c6\u00d8\u00a7\u00d8\u00aa \u00d9\u02c6\u00d8\u00a7\u00d9\u201e\u00d8\u00af\u00d8\u00b9\u00d9\u2026 \u00d8\u00a7\u00d9\u201e\u00d8\u00b0\u00d9\u0160 \u00d8\u00aa\u00d8\u00ad\u00d8\u00aa\u00d8\u00a7\u00d8\u00ac \u00d8\u00a5\u00d9\u201e\u00d9\u0160\u00d9\u2021 \u00d9\u201e\u00d8\u00b1\u00d8\u00ad\u00d9\u201e\u00d8\u00aa\u00d9\u0192 \u00d9\u0081\u00d9\u0160 \u00d8\u00b7\u00d8\u00b1\u00d9\u0160\u00d9\u201a \u00d8\u00aa\u00d8\u00ad\u00d9\u201a\u00d9\u0160\u00d9\u201a \u00d8\u00a7\u00d9\u201e\u00d8\u00a7\u00d8\u00b3\u00d8\u00aa\u00d9\u201a\u00d9\u201e\u00d8\u00a7\u00d9\u201e \u00d8\u00a7\u00d9\u201e\u00d9\u2026\u00d8\u00a7\u00d9\u201e\u00d9\u0160.\" \/>\n<meta property=\"og:url\" content=\"https:\/\/nem-mc.bettest.site\/ar\/\" \/>\n<meta property=\"og:site_name\" content=\"mobcash\" \/>\n<meta property=\"article:modified_time\" content=\"2024-09-13T10:23:10+00:00\" \/>\n<meta name=\"twitter:card\" content=\"summary_large_image\" \/>\n<script type=\"application\/ld+json\" class=\"yoast-schema-graph\">{\"@context\":\"https:\/\/schema.org\",\"@graph\":[{\"@type\":\"WebPage\",\"@id\":\"https:\/\/nem-mc.bettest.site\/ar\/\",\"url\":\"https:\/\/nem-mc.bettest.site\/ar\/\",\"name\":\"\u00d8\u00a7\u00d9\u201e\u00d8\u00b1\u00d8\u00a6\u00d9\u0160\u00d8\u00b3\u00d9\u0160\u00d8\u00a9 - mobcash\",\"isPartOf\":{\"@id\":\"https:\/\/nem-mc.bettest.site\/ar\/#website\"},\"datePublished\":\"2024-08-15T15:45:41+00:00\",\"dateModified\":\"2024-09-13T10:23:10+00:00\",\"breadcrumb\":{\"@id\":\"https:\/\/nem-mc.bettest.site\/ar\/#breadcrumb\"},\"inLanguage\":\"ar\",\"potentialAction\":[{\"@type\":\"ReadAction\",\"target\":[\"https:\/\/nem-mc.bettest.site\/ar\/\"]}]},{\"@type\":\"BreadcrumbList\",\"@id\":\"https:\/\/nem-mc.bettest.site\/ar\/#breadcrumb\",\"itemListElement\":[{\"@type\":\"ListItem\",\"position\":1,\"name\":\"Home\",\"item\":\"https:\/\/nem-mc.bettest.site\/ar\/\"},{\"@type\":\"ListItem\",\"position\":2,\"name\":\"\u00d8\u00a7\u00d9\u201e\u00d8\u00b1\u00d8\u00a6\u00d9\u0160\u00d8\u00b3\u00d9\u0160\u00d8\u00a9\"}]},{\"@type\":\"WebSite\",\"@id\":\"https:\/\/nem-mc.bettest.site\/ar\/#website\",\"url\":\"https:\/\/nem-mc.bettest.site\/ar\/\",\"name\":\"mobcash\",\"description\":\"\",\"publisher\":{\"@id\":\"https:\/\/nem-mc.bettest.site\/ar\/#organization\"},\"potentialAction\":[{\"@type\":\"SearchAction\",\"target\":{\"@type\":\"EntryPoint\",\"urlTemplate\":\"https:\/\/nem-mc.bettest.site\/ar\/?s={search_term_string}\"},\"query-input\":{\"@type\":\"PropertyValueSpecification\",\"valueRequired\":true,\"valueName\":\"search_term_string\"}}],\"inLanguage\":\"ar\"},{\"@type\":\"Organization\",\"@id\":\"https:\/\/nem-mc.bettest.site\/ar\/#organization\",\"name\":\"mobcash\",\"url\":\"https:\/\/nem-mc.bettest.site\/ar\/\",\"logo\":{\"@type\":\"ImageObject\",\"inLanguage\":\"ar\",\"@id\":\"https:\/\/nem-mc.bettest.site\/ar\/#\/schema\/logo\/image\/\",\"url\":\"https:\/\/nem-mc.bettest.site\/wp-content\/uploads\/2024\/09\/logo-best.png\",\"contentUrl\":\"https:\/\/nem-mc.bettest.site\/wp-content\/uploads\/2024\/09\/logo-best.png\",\"width\":195,\"height\":37,\"caption\":\"mobcash\"},\"image\":{\"@id\":\"https:\/\/nem-mc.bettest.site\/ar\/#\/schema\/logo\/image\/\"}}]}<\/script>\n<!-- \/ Yoast SEO plugin. -->","yoast_head_json":{"title":"\u00d8\u00a7\u00d9\u201e\u00d8\u00b1\u00d8\u00a6\u00d9\u0160\u00d8\u00b3\u00d9\u0160\u00d8\u00a9 - mobcash","robots":{"index":"index","follow":"follow","max-snippet":"max-snippet:-1","max-image-preview":"max-image-preview:large","max-video-preview":"max-video-preview:-1"},"canonical":"https:\/\/nem-mc.bettest.site\/ar\/","og_locale":"ar_AR","og_type":"article","og_title":"\u00d8\u00a7\u00d9\u201e\u00d8\u00b1\u00d8\u00a6\u00d9\u0160\u00d8\u00b3\u00d9\u0160\u00d8\u00a9 - mobcash","og_description":"\u00d8\u00a7\u00d9\u0192\u00d8\u00b3\u00d8\u00a8 \u00d8\u00b9\u00d8\u00a8\u00d8\u00b1 \u00d8\u00a7\u00d9\u201e\u00d8\u00a5\u00d9\u2020\u00d8\u00aa\u00d8\u00b1\u00d9\u2020\u00d8\u00aa \u00d8\u00a8\u00d8\u00b5\u00d9\u0081\u00d8\u00aa\u00d9\u0192 \u00d9\u02c6\u00d9\u0192\u00d9\u0160\u00d9\u201e\u00d9\u2039\u00d8\u00a7 \u00d9\u201e\u00d9\u20ac BETANDYOU \u00d8\u00a7\u00d8\u00a8\u00d8\u00af\u00d8\u00a3 \u00d8\u00b1\u00d8\u00ad\u00d9\u201e\u00d8\u00aa\u00d9\u0192 \u00d8\u00a7\u00d9\u201e\u00d9\u0160\u00d9\u02c6\u00d9\u2026! \u00d9\u0192\u00d9\u2020 \u00d9\u02c6\u00d9\u0192\u00d9\u0160\u00d9\u201e\u00d9\u2039\u00d8\u00a7 \u00d8\u00a7\u00d9\u0192\u00d8\u00aa\u00d8\u00b4\u00d9\u0081 \u00d9\u0081\u00d8\u00b1\u00d8\u00b5\u00d9\u2039\u00d8\u00a7 \u00d9\u0192\u00d8\u00ab\u00d9\u0160\u00d8\u00b1\u00d8\u00a9 \u00d8\u00ac\u00d8\u00af\u00d9\u2039\u00d8\u00a7 \u00d9\u201e\u00d9\u201e\u00d9\u0192\u00d8\u00b3\u00d8\u00a8 \u00d8\u00b9\u00d8\u00a8\u00d8\u00b1 \u00d8\u00a7\u00d9\u201e\u00d8\u00a5\u00d9\u2020\u00d8\u00aa\u00d8\u00b1\u00d9\u2020\u00d8\u00aa \u00d9\u2026\u00d8\u00b9 Betandyou. \u00d8\u00a7\u00d9\u0192\u00d8\u00b3\u00d8\u00a8 \u00d9\u02c6\u00d8\u00aa\u00d9\u02c6\u00d8\u00b3\u00d8\u00b9 \u00d9\u02c6\u00d8\u00a7\u00d9\u2020\u00d8\u00ac\u00d8\u00ad \u00d8\u00a8\u00d8\u00b5\u00d9\u0081\u00d8\u00aa\u00d9\u0192 \u00d9\u02c6\u00d9\u0192\u00d9\u0160\u00d9\u201e\u00d9\u2039\u00d8\u00a7. \u00d8\u00b3\u00d9\u02c6\u00d8\u00a7\u00d8\u00a1 \u00d8\u00a7\u00d8\u00ae\u00d8\u00aa\u00d8\u00b1\u00d8\u00aa \u00d8\u00a3\u00d9\u2020 \u00d8\u00aa\u00d8\u00aa\u00d9\u02c6\u00d9\u201e\u00d9\u2030 \u00d8\u00a3\u00d9\u2026\u00d8\u00b1 \u00d9\u2026\u00d8\u00b9\u00d8\u00a7\u00d9\u2026\u00d9\u201e\u00d8\u00a7\u00d8\u00aa \u00d8\u00a7\u00d9\u201e\u00d9\u201e\u00d8\u00a7\u00d8\u00b9\u00d8\u00a8\u00d9\u0160\u00d9\u2020 \u00d8\u00a7\u00d9\u201e\u00d9\u2026\u00d8\u00a7\u00d9\u201e\u00d9\u0160\u00d8\u00a9 \u00d8\u00a3\u00d9\u02c6 \u00d8\u00a8\u00d9\u2020\u00d8\u00a7\u00d8\u00a1 \u00d8\u00b4\u00d8\u00a8\u00d9\u0192\u00d8\u00aa\u00d9\u0192 \u00d8\u00a7\u00d9\u201e\u00d8\u00ae\u00d8\u00a7\u00d8\u00b5\u00d8\u00a9\u00d8\u0152 \u00d8\u00aa\u00d9\u201a\u00d8\u00af\u00d9\u2018\u00d9\u2026 \u00d9\u2026\u00d9\u2020\u00d8\u00b5\u00d8\u00aa\u00d9\u2020\u00d8\u00a7 \u00d8\u00a7\u00d9\u201e\u00d8\u00a3\u00d8\u00af\u00d9\u02c6\u00d8\u00a7\u00d8\u00aa \u00d9\u02c6\u00d8\u00a7\u00d9\u201e\u00d8\u00af\u00d8\u00b9\u00d9\u2026 \u00d8\u00a7\u00d9\u201e\u00d8\u00b0\u00d9\u0160 \u00d8\u00aa\u00d8\u00ad\u00d8\u00aa\u00d8\u00a7\u00d8\u00ac \u00d8\u00a5\u00d9\u201e\u00d9\u0160\u00d9\u2021 \u00d9\u201e\u00d8\u00b1\u00d8\u00ad\u00d9\u201e\u00d8\u00aa\u00d9\u0192 \u00d9\u0081\u00d9\u0160 \u00d8\u00b7\u00d8\u00b1\u00d9\u0160\u00d9\u201a \u00d8\u00aa\u00d8\u00ad\u00d9\u201a\u00d9\u0160\u00d9\u201a \u00d8\u00a7\u00d9\u201e\u00d8\u00a7\u00d8\u00b3\u00d8\u00aa\u00d9\u201a\u00d9\u201e\u00d8\u00a7\u00d9\u201e \u00d8\u00a7\u00d9\u201e\u00d9\u2026\u00d8\u00a7\u00d9\u201e\u00d9\u0160.","og_url":"https:\/\/nem-mc.bettest.site\/ar\/","og_site_name":"mobcash","article_modified_time":"2024-09-13T10:23:10+00:00","twitter_card":"summary_large_image","schema":{"@context":"https:\/\/schema.org","@graph":[{"@type":"WebPage","@id":"https:\/\/nem-mc.bettest.site\/ar\/","url":"https:\/\/nem-mc.bettest.site\/ar\/","name":"\u00d8\u00a7\u00d9\u201e\u00d8\u00b1\u00d8\u00a6\u00d9\u0160\u00d8\u00b3\u00d9\u0160\u00d8\u00a9 - mobcash","isPartOf":{"@id":"https:\/\/nem-mc.bettest.site\/ar\/#website"},"datePublished":"2024-08-15T15:45:41+00:00","dateModified":"2024-09-13T10:23:10+00:00","breadcrumb":{"@id":"https:\/\/nem-mc.bettest.site\/ar\/#breadcrumb"},"inLanguage":"ar","potentialAction":[{"@type":"ReadAction","target":["https:\/\/nem-mc.bettest.site\/ar\/"]}]},{"@type":"BreadcrumbList","@id":"https:\/\/nem-mc.bettest.site\/ar\/#breadcrumb","itemListElement":[{"@type":"ListItem","position":1,"name":"Home","item":"https:\/\/nem-mc.bettest.site\/ar\/"},{"@type":"ListItem","position":2,"name":"\u00d8\u00a7\u00d9\u201e\u00d8\u00b1\u00d8\u00a6\u00d9\u0160\u00d8\u00b3\u00d9\u0160\u00d8\u00a9"}]},{"@type":"WebSite","@id":"https:\/\/nem-mc.bettest.site\/ar\/#website","url":"https:\/\/nem-mc.bettest.site\/ar\/","name":"mobcash","description":"","publisher":{"@id":"https:\/\/nem-mc.bettest.site\/ar\/#organization"},"potentialAction":[{"@type":"SearchAction","target":{"@type":"EntryPoint","urlTemplate":"https:\/\/nem-mc.bettest.site\/ar\/?s={search_term_string}"},"query-input":{"@type":"PropertyValueSpecification","valueRequired":true,"valueName":"search_term_string"}}],"inLanguage":"ar"},{"@type":"Organization","@id":"https:\/\/nem-mc.bettest.site\/ar\/#organization","name":"mobcash","url":"https:\/\/nem-mc.bettest.site\/ar\/","logo":{"@type":"ImageObject","inLanguage":"ar","@id":"https:\/\/nem-mc.bettest.site\/ar\/#\/schema\/logo\/image\/","url":"https:\/\/nem-mc.bettest.site\/wp-content\/uploads\/2024\/09\/logo-best.png","contentUrl":"https:\/\/nem-mc.bettest.site\/wp-content\/uploads\/2024\/09\/logo-best.png","width":195,"height":37,"caption":"mobcash"},"image":{"@id":"https:\/\/nem-mc.bettest.site\/ar\/#\/schema\/logo\/image\/"}}]}},"_links":{"self":[{"href":"https:\/\/nem-mc.bettest.site\/ar\/wp-json\/wp\/v2\/pages\/622"}],"collection":[{"href":"https:\/\/nem-mc.bettest.site\/ar\/wp-json\/wp\/v2\/pages"}],"about":[{"href":"https:\/\/nem-mc.bettest.site\/ar\/wp-json\/wp\/v2\/types\/page"}],"author":[{"embeddable":true,"href":"https:\/\/nem-mc.bettest.site\/ar\/wp-json\/wp\/v2\/users\/2"}],"replies":[{"embeddable":true,"href":"https:\/\/nem-mc.bettest.site\/ar\/wp-json\/wp\/v2\/comments?post=622"}],"version-history":[{"count":3,"href":"https:\/\/nem-mc.bettest.site\/ar\/wp-json\/wp\/v2\/pages\/622\/revisions"}],"predecessor-version":[{"id":632,"href":"https:\/\/nem-mc.bettest.site\/ar\/wp-json\/wp\/v2\/pages\/622\/revisions\/632"}],"wp:attachment":[{"href":"https:\/\/nem-mc.bettest.site\/ar\/wp-json\/wp\/v2\/media?parent=622"}],"curies":[{"name":"wp","href":"https:\/\/api.w.org\/{rel}","templated":true}]}}